{"id":3449,"date":"2023-03-08T13:43:50","date_gmt":"2023-03-08T11:43:50","guid":{"rendered":"https:\/\/sea-holics.gr\/faq\/"},"modified":"2026-02-13T22:39:04","modified_gmt":"2026-02-13T20:39:04","slug":"faq","status":"publish","type":"page","link":"https:\/\/sea-holics.gr\/it\/faq\/","title":{"rendered":"FAQ"},"content":{"rendered":"<div data-elementor-type=\"wp-page\" data-elementor-id=\"3449\" class=\"elementor elementor-3449\" data-elementor-post-type=\"page\">\n\t\t\t\t\t\t<section class=\"elementor-section elementor-top-section elementor-element elementor-element-44ecefe8 elementor-section-content-middle elementor-section-boxed elementor-section-height-default elementor-section-height-default\" data-id=\"44ecefe8\" data-element_type=\"section\" data-e-type=\"section\" data-settings=\"{&quot;background_background&quot;:&quot;classic&quot;}\">\n\t\t\t\t\t\t\t<div class=\"elementor-background-overlay\"><\/div>\n\t\t\t\t\t\t\t<div class=\"elementor-container elementor-column-gap-default\">\n\t\t\t\t\t<div class=\"elementor-column elementor-col-50 elementor-top-column elementor-element elementor-element-3178953c\" data-id=\"3178953c\" data-element_type=\"column\" data-e-type=\"column\">\n\t\t\t<div class=\"elementor-widget-wrap elementor-element-populated\">\n\t\t\t\t\t\t<div class=\"elementor-element elementor-element-16343b54 elementor-widget elementor-widget-heading\" data-id=\"16343b54\" data-element_type=\"widget\" data-e-type=\"widget\" data-widget_type=\"heading.default\">\n\t\t\t\t<div class=\"elementor-widget-container\">\n\t\t\t\t\t<h2 class=\"elementor-heading-title elementor-size-default\">Domande frequenti<\/h2>\t\t\t\t<\/div>\n\t\t\t\t<\/div>\n\t\t\t\t\t<\/div>\n\t\t<\/div>\n\t\t\t\t<div class=\"elementor-column elementor-col-50 elementor-top-column elementor-element elementor-element-b1c9017\" data-id=\"b1c9017\" data-element_type=\"column\" data-e-type=\"column\">\n\t\t\t<div class=\"elementor-widget-wrap\">\n\t\t\t\t\t\t\t<\/div>\n\t\t<\/div>\n\t\t\t\t\t<\/div>\n\t\t<\/section>\n\t\t\t\t<section class=\"elementor-section elementor-top-section elementor-element elementor-element-460a6505 elementor-section-boxed elementor-section-height-default elementor-section-height-default\" data-id=\"460a6505\" data-element_type=\"section\" data-e-type=\"section\" data-settings=\"{&quot;background_background&quot;:&quot;classic&quot;}\">\n\t\t\t\t\t\t\t<div class=\"elementor-background-overlay\"><\/div>\n\t\t\t\t\t\t\t<div class=\"elementor-container elementor-column-gap-default\">\n\t\t\t\t\t<div class=\"elementor-column elementor-col-100 elementor-top-column elementor-element elementor-element-13f35b19\" data-id=\"13f35b19\" data-element_type=\"column\" data-e-type=\"column\">\n\t\t\t<div class=\"elementor-widget-wrap elementor-element-populated\">\n\t\t\t\t\t\t<div class=\"elementor-element elementor-element-59b9aaaf elementor-widget elementor-widget-heading\" data-id=\"59b9aaaf\" data-element_type=\"widget\" data-e-type=\"widget\" data-widget_type=\"heading.default\">\n\t\t\t\t<div class=\"elementor-widget-container\">\n\t\t\t\t\t<h2 class=\"elementor-heading-title elementor-size-default\">Questions &amp; Answers<\/h2>\t\t\t\t<\/div>\n\t\t\t\t<\/div>\n\t\t\t\t<div class=\"elementor-element elementor-element-2476035c elementor-widget elementor-widget-heading\" data-id=\"2476035c\" data-element_type=\"widget\" data-e-type=\"widget\" data-widget_type=\"heading.default\">\n\t\t\t\t<div class=\"elementor-widget-container\">\n\t\t\t\t\t<h2 class=\"elementor-heading-title elementor-size-default\">Domande dei clienti<\/h2>\t\t\t\t<\/div>\n\t\t\t\t<\/div>\n\t\t\t\t<section class=\"elementor-section elementor-inner-section elementor-element elementor-element-522677aa elementor-section-boxed elementor-section-height-default elementor-section-height-default\" data-id=\"522677aa\" data-element_type=\"section\" data-e-type=\"section\">\n\t\t\t\t\t\t<div class=\"elementor-container elementor-column-gap-no\">\n\t\t\t\t\t<div class=\"elementor-column elementor-col-100 elementor-inner-column elementor-element elementor-element-4a40c872\" data-id=\"4a40c872\" data-element_type=\"column\" data-e-type=\"column\">\n\t\t\t<div class=\"elementor-widget-wrap elementor-element-populated\">\n\t\t\t\t\t\t<div class=\"elementor-element elementor-element-54dd2ccb elementor-widget elementor-widget-jkit_accordion\" data-id=\"54dd2ccb\" data-element_type=\"widget\" data-e-type=\"widget\" data-widget_type=\"jkit_accordion.default\">\n\t\t\t\t<div class=\"elementor-widget-container\">\n\t\t\t\t\t<div  class=\"jeg-elementor-kit jkit-accordion style-default jeg_module___6a03255c3ce38\" ><div class=\"card-wrapper expand\">\n                <div class=\"card-header\">\n                    <a href=\"#expand-aae80d4\" class=\"card-header-button\" aria-expanded=\"false\" data-target=\"#expand-aae80d4\" aria-controls=\"expand-aae80d4\">\n                        <div class=\"left-icon-group\">\n                <div class=\"normal-icon\"><i aria-hidden=\"true\" class=\"fas fa-chevron-right\"><\/i><\/div>\n                <div class=\"active-icon\"><i aria-hidden=\"true\" class=\"fas fa-chevron-down\"><\/i><\/div>\n            <\/div><span class=\"title\">Posso noleggiare una barca senza skipper?<\/span>\n                    <\/a>\n                <\/div>\n                <div class=\"card-expand\" id=\"expand-aae80d4\" style=\"display:block\"><div class=\"card-body\"><p class=\"translation-block\">Certo che puoi! Tuttavia, tieni presente che i noleggi a scafo nudo sono soggetti a un <strong>controllo delle competenze di base<\/strong> all'arrivo. Per garantire la massima sicurezza, se i requisiti di sicurezza non vengono soddisfatti, consigliamo vivamente (e potremmo richiedere) che il noleggio proceda <strong>con uno dei nostri capitani professionisti<\/strong>. La tua sicurezza \u00e8 la nostra massima priorit\u00e0 e desideriamo che tu possa goderti le acque cretesi in totale tranquillit\u00e0.<\/p><\/div><\/div>\n            <\/div><div class=\"card-wrapper\">\n                <div class=\"card-header\">\n                    <a href=\"#expand-5873bf0\" class=\"card-header-button\" aria-expanded=\"false\" data-target=\"#expand-5873bf0\" aria-controls=\"expand-5873bf0\">\n                        <div class=\"left-icon-group\">\n                <div class=\"normal-icon\"><i aria-hidden=\"true\" class=\"fas fa-chevron-right\"><\/i><\/div>\n                <div class=\"active-icon\"><i aria-hidden=\"true\" class=\"fas fa-chevron-down\"><\/i><\/div>\n            <\/div><span class=\"title\">\u00c8 facile guidare una barca?<\/span>\n                    <\/a>\n                <\/div>\n                <div class=\"card-expand\" id=\"expand-5873bf0\" style=\"display:none\"><div class=\"card-body\"><p>Assolutamente s\u00ec! Con la giusta guida, spesso \u00e8 pi\u00f9 facile che guidare un'auto. Tuttavia, richiede comunque competenze di base e un forte senso di responsabilit\u00e0 per garantire la sicurezza di tutti a bordo.<\/p><\/div><\/div>\n            <\/div><div class=\"card-wrapper\">\n                <div class=\"card-header\">\n                    <a href=\"#expand-0aab2df\" class=\"card-header-button\" aria-expanded=\"false\" data-target=\"#expand-0aab2df\" aria-controls=\"expand-0aab2df\">\n                        <div class=\"left-icon-group\">\n                <div class=\"normal-icon\"><i aria-hidden=\"true\" class=\"fas fa-chevron-right\"><\/i><\/div>\n                <div class=\"active-icon\"><i aria-hidden=\"true\" class=\"fas fa-chevron-down\"><\/i><\/div>\n            <\/div><span class=\"title\">Per quanto tempo posso noleggiare una barca?<\/span>\n                    <\/a>\n                <\/div>\n                <div class=\"card-expand\" id=\"expand-0aab2df\" style=\"display:none\"><div class=\"card-body\"><p class=\"translation-block\"><strong>Self-Drive (senza skipper)<\/strong>: i noleggi sono disponibili per un'intera giornata, dalle 09:00 alle 19:00 (soggetto a variazioni stagionali).<\/p><p class=\"translation-block\"><strong>Tour privati \u200b\u200b(con skipper)<\/strong>: la durata varia dalle <strong>3 alle 7 ore<\/strong>.<\/p><\/div><\/div>\n            <\/div><div class=\"card-wrapper\">\n                <div class=\"card-header\">\n                    <a href=\"#expand-82fbab9\" class=\"card-header-button\" aria-expanded=\"false\" data-target=\"#expand-82fbab9\" aria-controls=\"expand-82fbab9\">\n                        <div class=\"left-icon-group\">\n                <div class=\"normal-icon\"><i aria-hidden=\"true\" class=\"fas fa-chevron-right\"><\/i><\/div>\n                <div class=\"active-icon\"><i aria-hidden=\"true\" class=\"fas fa-chevron-down\"><\/i><\/div>\n            <\/div><span class=\"title\">Le barche sono ombreggiate?<\/span>\n                    <\/a>\n                <\/div>\n                <div class=\"card-expand\" id=\"expand-82fbab9\" style=\"display:none\"><div class=\"card-body\"><p>Tutte le imbarcazioni sono dotate di tendalino parasole.<\/p><\/div><\/div>\n            <\/div><div class=\"card-wrapper\">\n                <div class=\"card-header\">\n                    <a href=\"#expand-f4fc474\" class=\"card-header-button\" aria-expanded=\"false\" data-target=\"#expand-f4fc474\" aria-controls=\"expand-f4fc474\">\n                        <div class=\"left-icon-group\">\n                <div class=\"normal-icon\"><i aria-hidden=\"true\" class=\"fas fa-chevron-right\"><\/i><\/div>\n                <div class=\"active-icon\"><i aria-hidden=\"true\" class=\"fas fa-chevron-down\"><\/i><\/div>\n            <\/div><span class=\"title\">Come posso noleggiare una barca per Balos o Gramvousa?<\/span>\n                    <\/a>\n                <\/div>\n                <div class=\"card-expand\" id=\"expand-f4fc474\" style=\"display:none\"><div class=\"card-body\"><p>Attraverso il nostro sito web o contattandoci, troverete tali informazioni nella pagina dei contatti.<\/p><\/div><\/div>\n            <\/div><div class=\"card-wrapper\">\n                <div class=\"card-header\">\n                    <a href=\"#expand-d308164\" class=\"card-header-button\" aria-expanded=\"false\" data-target=\"#expand-d308164\" aria-controls=\"expand-d308164\">\n                        <div class=\"left-icon-group\">\n                <div class=\"normal-icon\"><i aria-hidden=\"true\" class=\"fas fa-chevron-right\"><\/i><\/div>\n                <div class=\"active-icon\"><i aria-hidden=\"true\" class=\"fas fa-chevron-down\"><\/i><\/div>\n            <\/div><span class=\"title\">Quanto dura il viaggio da Kissamos a Balo o Gramvousa?<\/span>\n                    <\/a>\n                <\/div>\n                <div class=\"card-expand\" id=\"expand-d308164\" style=\"display:none\"><div class=\"card-body\"><p>Da Kissamos sono circa 30-40 minuti.<\/p><\/div><\/div>\n            <\/div><div class=\"card-wrapper\">\n                <div class=\"card-header\">\n                    <a href=\"#expand-d205810\" class=\"card-header-button\" aria-expanded=\"false\" data-target=\"#expand-d205810\" aria-controls=\"expand-d205810\">\n                        <div class=\"left-icon-group\">\n                <div class=\"normal-icon\"><i aria-hidden=\"true\" class=\"fas fa-chevron-right\"><\/i><\/div>\n                <div class=\"active-icon\"><i aria-hidden=\"true\" class=\"fas fa-chevron-down\"><\/i><\/div>\n            <\/div><span class=\"title\">Cosa vedremo a Balos\/Gramvousa?<\/span>\n                    <\/a>\n                <\/div>\n                <div class=\"card-expand\" id=\"expand-d205810\" style=\"display:none\"><div class=\"card-body\"><p>Vedrete il castello, il naufragio, le acque cristalline di Balos e Gramvousa, nonch\u00e9 spiagge nascoste e private e, se siete fortunati, capre selvatiche.<\/p><\/div><\/div>\n            <\/div><div class=\"card-wrapper\">\n                <div class=\"card-header\">\n                    <a href=\"#expand-9360035\" class=\"card-header-button\" aria-expanded=\"false\" data-target=\"#expand-9360035\" aria-controls=\"expand-9360035\">\n                        <div class=\"left-icon-group\">\n                <div class=\"normal-icon\"><i aria-hidden=\"true\" class=\"fas fa-chevron-right\"><\/i><\/div>\n                <div class=\"active-icon\"><i aria-hidden=\"true\" class=\"fas fa-chevron-down\"><\/i><\/div>\n            <\/div><span class=\"title\">Posso noleggiare 1 barca da Chania a Balo?<\/span>\n                    <\/a>\n                <\/div>\n                <div class=\"card-expand\" id=\"expand-9360035\" style=\"display:none\"><div class=\"card-body\"><p>Vi consigliamo di venire a Kissamos, che \u00e8 il punto pi\u00f9 vicino a Balos.<\/p><\/div><\/div>\n            <\/div><div class=\"card-wrapper\">\n                <div class=\"card-header\">\n                    <a href=\"#expand-c759d86\" class=\"card-header-button\" aria-expanded=\"false\" data-target=\"#expand-c759d86\" aria-controls=\"expand-c759d86\">\n                        <div class=\"left-icon-group\">\n                <div class=\"normal-icon\"><i aria-hidden=\"true\" class=\"fas fa-chevron-right\"><\/i><\/div>\n                <div class=\"active-icon\"><i aria-hidden=\"true\" class=\"fas fa-chevron-down\"><\/i><\/div>\n            <\/div><span class=\"title\">Come viene confermata una prenotazione?<\/span>\n                    <\/a>\n                <\/div>\n                <div class=\"card-expand\" id=\"expand-c759d86\" style=\"display:none\"><div class=\"card-body\"><p>Verrai contattato e la tua prenotazione verr\u00e0 confermata tramite WhatsApp o telefono.<\/p><\/div><\/div>\n            <\/div><div class=\"card-wrapper\">\n                <div class=\"card-header\">\n                    <a href=\"#expand-fd5872c\" class=\"card-header-button\" aria-expanded=\"false\" data-target=\"#expand-fd5872c\" aria-controls=\"expand-fd5872c\">\n                        <div class=\"left-icon-group\">\n                <div class=\"normal-icon\"><i aria-hidden=\"true\" class=\"fas fa-chevron-right\"><\/i><\/div>\n                <div class=\"active-icon\"><i aria-hidden=\"true\" class=\"fas fa-chevron-down\"><\/i><\/div>\n            <\/div><span class=\"title\">In quali casi \u00e8 possibile cancellare una prenotazione?<\/span>\n                    <\/a>\n                <\/div>\n                <div class=\"card-expand\" id=\"expand-fd5872c\" style=\"display:none\"><div class=\"card-body\"><p>Pu\u00f2 essere annullato a causa del mare mosso o di problemi di salute.<\/p><\/div><\/div>\n            <\/div><div class=\"card-wrapper\">\n                <div class=\"card-header\">\n                    <a href=\"#expand-0e41172\" class=\"card-header-button\" aria-expanded=\"false\" data-target=\"#expand-0e41172\" aria-controls=\"expand-0e41172\">\n                        <div class=\"left-icon-group\">\n                <div class=\"normal-icon\"><i aria-hidden=\"true\" class=\"fas fa-chevron-right\"><\/i><\/div>\n                <div class=\"active-icon\"><i aria-hidden=\"true\" class=\"fas fa-chevron-down\"><\/i><\/div>\n            <\/div><span class=\"title\">Le barche hanno giubbotti di salvataggio per i bambini?<\/span>\n                    <\/a>\n                <\/div>\n                <div class=\"card-expand\" id=\"expand-0e41172\" style=\"display:none\"><div class=\"card-body\"><p>S\u00ec, tutte le imbarcazioni hanno un tipo di giubbotto di salvataggio certificato per i bambini.<\/p><\/div><\/div>\n            <\/div><div class=\"card-wrapper\">\n                <div class=\"card-header\">\n                    <a href=\"#expand-928c46d\" class=\"card-header-button\" aria-expanded=\"false\" data-target=\"#expand-928c46d\" aria-controls=\"expand-928c46d\">\n                        <div class=\"left-icon-group\">\n                <div class=\"normal-icon\"><i aria-hidden=\"true\" class=\"fas fa-chevron-right\"><\/i><\/div>\n                <div class=\"active-icon\"><i aria-hidden=\"true\" class=\"fas fa-chevron-down\"><\/i><\/div>\n            <\/div><span class=\"title\">Posso noleggiare una barca con un capitano?<\/span>\n                    <\/a>\n                <\/div>\n                <div class=\"card-expand\" id=\"expand-928c46d\" style=\"display:none\"><div class=\"card-body\"><p>S\u00ec, \u00e8 possibile noleggiare una barca con un capitano, come abbiamo sperimentato noi - capitani locali.<\/p><\/div><\/div>\n            <\/div><div class=\"card-wrapper\">\n                <div class=\"card-header\">\n                    <a href=\"#expand-f163cf9\" class=\"card-header-button\" aria-expanded=\"false\" data-target=\"#expand-f163cf9\" aria-controls=\"expand-f163cf9\">\n                        <div class=\"left-icon-group\">\n                <div class=\"normal-icon\"><i aria-hidden=\"true\" class=\"fas fa-chevron-right\"><\/i><\/div>\n                <div class=\"active-icon\"><i aria-hidden=\"true\" class=\"fas fa-chevron-down\"><\/i><\/div>\n            <\/div><span class=\"title\">La barca ha un frigorifero per il ghiaccio?<\/span>\n                    <\/a>\n                <\/div>\n                <div class=\"card-expand\" id=\"expand-f163cf9\" style=\"display:none\"><div class=\"card-body\"><p>Tutte le imbarcazioni forniscono un refrigeratore di ghiaccio portatile.<\/p><\/div><\/div>\n            <\/div><div class=\"card-wrapper\">\n                <div class=\"card-header\">\n                    <a href=\"#expand-02f67fd\" class=\"card-header-button\" aria-expanded=\"false\" data-target=\"#expand-02f67fd\" aria-controls=\"expand-02f67fd\">\n                        <div class=\"left-icon-group\">\n                <div class=\"normal-icon\"><i aria-hidden=\"true\" class=\"fas fa-chevron-right\"><\/i><\/div>\n                <div class=\"active-icon\"><i aria-hidden=\"true\" class=\"fas fa-chevron-down\"><\/i><\/div>\n            <\/div><span class=\"title\">Quanto dura il viaggio da Kissamos a Menies?<\/span>\n                    <\/a>\n                <\/div>\n                <div class=\"card-expand\" id=\"expand-02f67fd\" style=\"display:none\"><div class=\"card-body\"><p>Da Kissamos sono circa 45-50 minuti.<\/p><\/div><\/div>\n            <\/div><div class=\"card-wrapper\">\n                <div class=\"card-header\">\n                    <a href=\"#expand-38a6957\" class=\"card-header-button\" aria-expanded=\"false\" data-target=\"#expand-38a6957\" aria-controls=\"expand-38a6957\">\n                        <div class=\"left-icon-group\">\n                <div class=\"normal-icon\"><i aria-hidden=\"true\" class=\"fas fa-chevron-right\"><\/i><\/div>\n                <div class=\"active-icon\"><i aria-hidden=\"true\" class=\"fas fa-chevron-down\"><\/i><\/div>\n            <\/div><span class=\"title\">Le barche, senza licenza e senza capitano, possono andare dappertutto?<\/span>\n                    <\/a>\n                <\/div>\n                <div class=\"card-expand\" id=\"expand-38a6957\" style=\"display:none\"><div class=\"card-body\"><p>Le barche senza capitano sono destinate solo a Balo, Gramvousa, alle spiagge nascoste nelle vicinanze e all'esplorazione dell'intero promontorio. Solo per questa destinazione sono state adottate le necessarie misure di sicurezza.<\/p><\/div><\/div>\n            <\/div><div class=\"card-wrapper\">\n                <div class=\"card-header\">\n                    <a href=\"#expand-8c506b0\" class=\"card-header-button\" aria-expanded=\"false\" data-target=\"#expand-8c506b0\" aria-controls=\"expand-8c506b0\">\n                        <div class=\"left-icon-group\">\n                <div class=\"normal-icon\"><i aria-hidden=\"true\" class=\"fas fa-chevron-right\"><\/i><\/div>\n                <div class=\"active-icon\"><i aria-hidden=\"true\" class=\"fas fa-chevron-down\"><\/i><\/div>\n            <\/div><span class=\"title\">La barca ha una mappa?<\/span>\n                    <\/a>\n                <\/div>\n                <div class=\"card-expand\" id=\"expand-8c506b0\" style=\"display:none\"><div class=\"card-body\"><p>S\u00ec, la barca ha una mappa.<\/p><\/div><\/div>\n            <\/div><div class=\"card-wrapper\">\n                <div class=\"card-header\">\n                    <a href=\"#expand-015023b\" class=\"card-header-button\" aria-expanded=\"false\" data-target=\"#expand-015023b\" aria-controls=\"expand-015023b\">\n                        <div class=\"left-icon-group\">\n                <div class=\"normal-icon\"><i aria-hidden=\"true\" class=\"fas fa-chevron-right\"><\/i><\/div>\n                <div class=\"active-icon\"><i aria-hidden=\"true\" class=\"fas fa-chevron-down\"><\/i><\/div>\n            <\/div><span class=\"title\">L'imbarcazione \u00e8 dotata di una scala da mare?<\/span>\n                    <\/a>\n                <\/div>\n                <div class=\"card-expand\" id=\"expand-015023b\" style=\"display:none\"><div class=\"card-body\"><p>Tutte le barche sono dotate di una scaletta per un facile accesso al mare.<\/p><\/div><\/div>\n            <\/div><div class=\"card-wrapper\">\n                <div class=\"card-header\">\n                    <a href=\"#expand-16dac53\" class=\"card-header-button\" aria-expanded=\"false\" data-target=\"#expand-16dac53\" aria-controls=\"expand-16dac53\">\n                        <div class=\"left-icon-group\">\n                <div class=\"normal-icon\"><i aria-hidden=\"true\" class=\"fas fa-chevron-right\"><\/i><\/div>\n                <div class=\"active-icon\"><i aria-hidden=\"true\" class=\"fas fa-chevron-down\"><\/i><\/div>\n            <\/div><span class=\"title\">Ho bisogno di una carta di credito per noleggiare una barca senza patente?<\/span>\n                    <\/a>\n                <\/div>\n                <div class=\"card-expand\" id=\"expand-16dac53\" style=\"display:none\"><div class=\"card-body\"><p>No, non \u00e8 necessario. Basta firmare la lettera di indennizzo.<\/p><\/div><\/div>\n            <\/div><div class=\"card-wrapper\">\n                <div class=\"card-header\">\n                    <a href=\"#expand-761862a\" class=\"card-header-button\" aria-expanded=\"false\" data-target=\"#expand-761862a\" aria-controls=\"expand-761862a\">\n                        <div class=\"left-icon-group\">\n                <div class=\"normal-icon\"><i aria-hidden=\"true\" class=\"fas fa-chevron-right\"><\/i><\/div>\n                <div class=\"active-icon\"><i aria-hidden=\"true\" class=\"fas fa-chevron-down\"><\/i><\/div>\n            <\/div><span class=\"title\">Gli animali domestici sono ammessi?<\/span>\n                    <\/a>\n                <\/div>\n                <div class=\"card-expand\" id=\"expand-761862a\" style=\"display:none\"><div class=\"card-body\"><p>\u00c8 possibile portare con s\u00e9 gli animali domestici durante l'escursione.<\/p><\/div><\/div>\n            <\/div><div class=\"card-wrapper\">\n                <div class=\"card-header\">\n                    <a href=\"#expand-cc1785e\" class=\"card-header-button\" aria-expanded=\"false\" data-target=\"#expand-cc1785e\" aria-controls=\"expand-cc1785e\">\n                        <div class=\"left-icon-group\">\n                <div class=\"normal-icon\"><i aria-hidden=\"true\" class=\"fas fa-chevron-right\"><\/i><\/div>\n                <div class=\"active-icon\"><i aria-hidden=\"true\" class=\"fas fa-chevron-down\"><\/i><\/div>\n            <\/div><span class=\"title\">Le barche vengono pulite?<\/span>\n                    <\/a>\n                <\/div>\n                <div class=\"card-expand\" id=\"expand-cc1785e\" style=\"display:none\"><div class=\"card-body\"><p>Tutte le nostre barche vengono accuratamente pulite e disinfettate al ritorno da un viaggio e prima di essere ritirate per il viaggio successivo. La pulizia della barca, per motivi igienici, \u00e8 molto importante per noi.<\/p><\/div><\/div>\n            <\/div><\/div>\t\t\t\t<\/div>\n\t\t\t\t<\/div>\n\t\t\t\t\t<\/div>\n\t\t<\/div>\n\t\t\t\t\t<\/div>\n\t\t<\/section>\n\t\t\t\t\t<\/div>\n\t\t<\/div>\n\t\t\t\t\t<\/div>\n\t\t<\/section>\n\t\t\t\t<\/div>","protected":false},"excerpt":{"rendered":"<p>Frequently Asked Questions Questions &amp; Answers Customer Questions Can I rent a boat without a skipper? Yes, you can! However, please note that bareboat rentals are subject to a basic handling skills check upon arrival. To ensure your maximum safety, if the safety requirements are not met, we strongly recommend (and may require) that the [&hellip;]<\/p>\n","protected":false},"author":1,"featured_media":0,"parent":0,"menu_order":0,"comment_status":"closed","ping_status":"closed","template":"","meta":{"footnotes":""},"class_list":["post-3449","page","type-page","status-publish","hentry"],"_links":{"self":[{"href":"https:\/\/sea-holics.gr\/it\/wp-json\/wp\/v2\/pages\/3449","targetHints":{"allow":["GET"]}}],"collection":[{"href":"https:\/\/sea-holics.gr\/it\/wp-json\/wp\/v2\/pages"}],"about":[{"href":"https:\/\/sea-holics.gr\/it\/wp-json\/wp\/v2\/types\/page"}],"author":[{"embeddable":true,"href":"https:\/\/sea-holics.gr\/it\/wp-json\/wp\/v2\/users\/1"}],"replies":[{"embeddable":true,"href":"https:\/\/sea-holics.gr\/it\/wp-json\/wp\/v2\/comments?post=3449"}],"version-history":[{"count":0,"href":"https:\/\/sea-holics.gr\/it\/wp-json\/wp\/v2\/pages\/3449\/revisions"}],"wp:attachment":[{"href":"https:\/\/sea-holics.gr\/it\/wp-json\/wp\/v2\/media?parent=3449"}],"curies":[{"name":"wp","href":"https:\/\/api.w.org\/{rel}","templated":true}]}}