{"id":3449,"date":"2023-03-08T13:43:50","date_gmt":"2023-03-08T11:43:50","guid":{"rendered":"https:\/\/sea-holics.gr\/faq\/"},"modified":"2026-02-13T22:39:04","modified_gmt":"2026-02-13T20:39:04","slug":"faq","status":"publish","type":"page","link":"https:\/\/sea-holics.gr\/fr\/faq\/","title":{"rendered":"FAQ"},"content":{"rendered":"<div data-elementor-type=\"wp-page\" data-elementor-id=\"3449\" class=\"elementor elementor-3449\" data-elementor-post-type=\"page\">\n\t\t\t\t\t\t<section class=\"elementor-section elementor-top-section elementor-element elementor-element-44ecefe8 elementor-section-content-middle elementor-section-boxed elementor-section-height-default elementor-section-height-default\" data-id=\"44ecefe8\" data-element_type=\"section\" data-e-type=\"section\" data-settings=\"{&quot;background_background&quot;:&quot;classic&quot;}\">\n\t\t\t\t\t\t\t<div class=\"elementor-background-overlay\"><\/div>\n\t\t\t\t\t\t\t<div class=\"elementor-container elementor-column-gap-default\">\n\t\t\t\t\t<div class=\"elementor-column elementor-col-50 elementor-top-column elementor-element elementor-element-3178953c\" data-id=\"3178953c\" data-element_type=\"column\" data-e-type=\"column\">\n\t\t\t<div class=\"elementor-widget-wrap elementor-element-populated\">\n\t\t\t\t\t\t<div class=\"elementor-element elementor-element-16343b54 elementor-widget elementor-widget-heading\" data-id=\"16343b54\" data-element_type=\"widget\" data-e-type=\"widget\" data-widget_type=\"heading.default\">\n\t\t\t\t<div class=\"elementor-widget-container\">\n\t\t\t\t\t<h2 class=\"elementor-heading-title elementor-size-default\">Questions fr\u00e9quemment pos\u00e9es<\/h2>\t\t\t\t<\/div>\n\t\t\t\t<\/div>\n\t\t\t\t\t<\/div>\n\t\t<\/div>\n\t\t\t\t<div class=\"elementor-column elementor-col-50 elementor-top-column elementor-element elementor-element-b1c9017\" data-id=\"b1c9017\" data-element_type=\"column\" data-e-type=\"column\">\n\t\t\t<div class=\"elementor-widget-wrap\">\n\t\t\t\t\t\t\t<\/div>\n\t\t<\/div>\n\t\t\t\t\t<\/div>\n\t\t<\/section>\n\t\t\t\t<section class=\"elementor-section elementor-top-section elementor-element elementor-element-460a6505 elementor-section-boxed elementor-section-height-default elementor-section-height-default\" data-id=\"460a6505\" data-element_type=\"section\" data-e-type=\"section\" data-settings=\"{&quot;background_background&quot;:&quot;classic&quot;}\">\n\t\t\t\t\t\t\t<div class=\"elementor-background-overlay\"><\/div>\n\t\t\t\t\t\t\t<div class=\"elementor-container elementor-column-gap-default\">\n\t\t\t\t\t<div class=\"elementor-column elementor-col-100 elementor-top-column elementor-element elementor-element-13f35b19\" data-id=\"13f35b19\" data-element_type=\"column\" data-e-type=\"column\">\n\t\t\t<div class=\"elementor-widget-wrap elementor-element-populated\">\n\t\t\t\t\t\t<div class=\"elementor-element elementor-element-59b9aaaf elementor-widget elementor-widget-heading\" data-id=\"59b9aaaf\" data-element_type=\"widget\" data-e-type=\"widget\" data-widget_type=\"heading.default\">\n\t\t\t\t<div class=\"elementor-widget-container\">\n\t\t\t\t\t<h2 class=\"elementor-heading-title elementor-size-default\">Questions &amp; Answers<\/h2>\t\t\t\t<\/div>\n\t\t\t\t<\/div>\n\t\t\t\t<div class=\"elementor-element elementor-element-2476035c elementor-widget elementor-widget-heading\" data-id=\"2476035c\" data-element_type=\"widget\" data-e-type=\"widget\" data-widget_type=\"heading.default\">\n\t\t\t\t<div class=\"elementor-widget-container\">\n\t\t\t\t\t<h2 class=\"elementor-heading-title elementor-size-default\">Questions des clients<\/h2>\t\t\t\t<\/div>\n\t\t\t\t<\/div>\n\t\t\t\t<section class=\"elementor-section elementor-inner-section elementor-element elementor-element-522677aa elementor-section-boxed elementor-section-height-default elementor-section-height-default\" data-id=\"522677aa\" data-element_type=\"section\" data-e-type=\"section\">\n\t\t\t\t\t\t<div class=\"elementor-container elementor-column-gap-no\">\n\t\t\t\t\t<div class=\"elementor-column elementor-col-100 elementor-inner-column elementor-element elementor-element-4a40c872\" data-id=\"4a40c872\" data-element_type=\"column\" data-e-type=\"column\">\n\t\t\t<div class=\"elementor-widget-wrap elementor-element-populated\">\n\t\t\t\t\t\t<div class=\"elementor-element elementor-element-54dd2ccb elementor-widget elementor-widget-jkit_accordion\" data-id=\"54dd2ccb\" data-element_type=\"widget\" data-e-type=\"widget\" data-widget_type=\"jkit_accordion.default\">\n\t\t\t\t<div class=\"elementor-widget-container\">\n\t\t\t\t\t<div  class=\"jeg-elementor-kit jkit-accordion style-default jeg_module___6a0326d129027\" ><div class=\"card-wrapper expand\">\n                <div class=\"card-header\">\n                    <a href=\"#expand-aae80d4\" class=\"card-header-button\" aria-expanded=\"false\" data-target=\"#expand-aae80d4\" aria-controls=\"expand-aae80d4\">\n                        <div class=\"left-icon-group\">\n                <div class=\"normal-icon\"><i aria-hidden=\"true\" class=\"fas fa-chevron-right\"><\/i><\/div>\n                <div class=\"active-icon\"><i aria-hidden=\"true\" class=\"fas fa-chevron-down\"><\/i><\/div>\n            <\/div><span class=\"title\">Puis-je louer un bateau sans skipper ?<\/span>\n                    <\/a>\n                <\/div>\n                <div class=\"card-expand\" id=\"expand-aae80d4\" style=\"display:block\"><div class=\"card-body\"><p class=\"translation-block\">Oui, c'est possible ! Cependant, veuillez noter que la location de bateau sans \u00e9quipage est soumise \u00e0 une \u00e9valuation des comp\u00e9tences de base en navigation \u00e0 votre arriv\u00e9e. Pour votre s\u00e9curit\u00e9 maximale, si les exigences de s\u00e9curit\u00e9 ne sont pas satisfaites, nous vous recommandons vivement (et pouvons exiger) que la location se poursuive avec l'un de nos capitaines professionnels. Votre s\u00e9curit\u00e9 est notre priorit\u00e9 absolue et nous souhaitons que vous profitiez des eaux cr\u00e9toises en toute s\u00e9r\u00e9nit\u00e9.<\/p><\/div><\/div>\n            <\/div><div class=\"card-wrapper\">\n                <div class=\"card-header\">\n                    <a href=\"#expand-5873bf0\" class=\"card-header-button\" aria-expanded=\"false\" data-target=\"#expand-5873bf0\" aria-controls=\"expand-5873bf0\">\n                        <div class=\"left-icon-group\">\n                <div class=\"normal-icon\"><i aria-hidden=\"true\" class=\"fas fa-chevron-right\"><\/i><\/div>\n                <div class=\"active-icon\"><i aria-hidden=\"true\" class=\"fas fa-chevron-down\"><\/i><\/div>\n            <\/div><span class=\"title\">Est-il facile de conduire un bateau ?<\/span>\n                    <\/a>\n                <\/div>\n                <div class=\"card-expand\" id=\"expand-5873bf0\" style=\"display:none\"><div class=\"card-body\"><p>Absolument ! Avec les bons conseils, c\u2019est souvent plus facile que de conduire une voiture. Cependant, cela exige tout de m\u00eame des comp\u00e9tences de base en mati\u00e8re de conduite et un sens aigu des responsabilit\u00e9s afin d\u2019assurer la s\u00e9curit\u00e9 de tous les passagers.<\/p><\/div><\/div>\n            <\/div><div class=\"card-wrapper\">\n                <div class=\"card-header\">\n                    <a href=\"#expand-0aab2df\" class=\"card-header-button\" aria-expanded=\"false\" data-target=\"#expand-0aab2df\" aria-controls=\"expand-0aab2df\">\n                        <div class=\"left-icon-group\">\n                <div class=\"normal-icon\"><i aria-hidden=\"true\" class=\"fas fa-chevron-right\"><\/i><\/div>\n                <div class=\"active-icon\"><i aria-hidden=\"true\" class=\"fas fa-chevron-down\"><\/i><\/div>\n            <\/div><span class=\"title\">Combien de temps puis-je louer un bateau ?<\/span>\n                    <\/a>\n                <\/div>\n                <div class=\"card-expand\" id=\"expand-0aab2df\" style=\"display:none\"><div class=\"card-body\"><p class=\"translation-block\"><strong>Location sans skipper<\/strong> : Les locations sont disponibles pour une <strong>journ\u00e9e compl\u00e8te<\/strong>, de 09h00 \u00e0 19h00 (sous r\u00e9serve de variations saisonni\u00e8res).<\/p><p class=\"translation-block\"><strong>Visites priv\u00e9es (avec skipper)<\/strong>\u00a0: Dur\u00e9e de <strong>3 \u00e0 7 heures<\/strong>.<\/p><\/div><\/div>\n            <\/div><div class=\"card-wrapper\">\n                <div class=\"card-header\">\n                    <a href=\"#expand-82fbab9\" class=\"card-header-button\" aria-expanded=\"false\" data-target=\"#expand-82fbab9\" aria-controls=\"expand-82fbab9\">\n                        <div class=\"left-icon-group\">\n                <div class=\"normal-icon\"><i aria-hidden=\"true\" class=\"fas fa-chevron-right\"><\/i><\/div>\n                <div class=\"active-icon\"><i aria-hidden=\"true\" class=\"fas fa-chevron-down\"><\/i><\/div>\n            <\/div><span class=\"title\">Les bateaux ont-ils de l'ombrage ?<\/span>\n                    <\/a>\n                <\/div>\n                <div class=\"card-expand\" id=\"expand-82fbab9\" style=\"display:none\"><div class=\"card-body\"><p>Tous les bateaux ont un taud de soleil.<\/p><\/div><\/div>\n            <\/div><div class=\"card-wrapper\">\n                <div class=\"card-header\">\n                    <a href=\"#expand-f4fc474\" class=\"card-header-button\" aria-expanded=\"false\" data-target=\"#expand-f4fc474\" aria-controls=\"expand-f4fc474\">\n                        <div class=\"left-icon-group\">\n                <div class=\"normal-icon\"><i aria-hidden=\"true\" class=\"fas fa-chevron-right\"><\/i><\/div>\n                <div class=\"active-icon\"><i aria-hidden=\"true\" class=\"fas fa-chevron-down\"><\/i><\/div>\n            <\/div><span class=\"title\">Comment puis-je louer un bateau pour Balos ou Gramvousa ?<\/span>\n                    <\/a>\n                <\/div>\n                <div class=\"card-expand\" id=\"expand-f4fc474\" style=\"display:none\"><div class=\"card-body\"><p>Par le biais de notre site Web ou en nous contactant, vous trouverez ces informations sur la page de contact.<\/p><\/div><\/div>\n            <\/div><div class=\"card-wrapper\">\n                <div class=\"card-header\">\n                    <a href=\"#expand-d308164\" class=\"card-header-button\" aria-expanded=\"false\" data-target=\"#expand-d308164\" aria-controls=\"expand-d308164\">\n                        <div class=\"left-icon-group\">\n                <div class=\"normal-icon\"><i aria-hidden=\"true\" class=\"fas fa-chevron-right\"><\/i><\/div>\n                <div class=\"active-icon\"><i aria-hidden=\"true\" class=\"fas fa-chevron-down\"><\/i><\/div>\n            <\/div><span class=\"title\">Combien de temps dure le trajet de Kissamos \u00e0 Balos ou Gramvousa ?<\/span>\n                    <\/a>\n                <\/div>\n                <div class=\"card-expand\" id=\"expand-d308164\" style=\"display:none\"><div class=\"card-body\"><p>De Kissamos, il faut environ 30 \u00e0 40 minutes.<\/p><\/div><\/div>\n            <\/div><div class=\"card-wrapper\">\n                <div class=\"card-header\">\n                    <a href=\"#expand-d205810\" class=\"card-header-button\" aria-expanded=\"false\" data-target=\"#expand-d205810\" aria-controls=\"expand-d205810\">\n                        <div class=\"left-icon-group\">\n                <div class=\"normal-icon\"><i aria-hidden=\"true\" class=\"fas fa-chevron-right\"><\/i><\/div>\n                <div class=\"active-icon\"><i aria-hidden=\"true\" class=\"fas fa-chevron-down\"><\/i><\/div>\n            <\/div><span class=\"title\">Que verrons-nous \u00e0 Balos\/Gramvousa ?<\/span>\n                    <\/a>\n                <\/div>\n                <div class=\"card-expand\" id=\"expand-d205810\" style=\"display:none\"><div class=\"card-body\"><p>Vous verrez le ch\u00e2teau, le naufrage, les eaux bleues crystallines de Balos et Gramvousa, ainsi que des plages priv\u00e9es cach\u00e9es et des ch\u00e8vres sauvages si vous \u00eates chanceux.<\/p><\/div><\/div>\n            <\/div><div class=\"card-wrapper\">\n                <div class=\"card-header\">\n                    <a href=\"#expand-9360035\" class=\"card-header-button\" aria-expanded=\"false\" data-target=\"#expand-9360035\" aria-controls=\"expand-9360035\">\n                        <div class=\"left-icon-group\">\n                <div class=\"normal-icon\"><i aria-hidden=\"true\" class=\"fas fa-chevron-right\"><\/i><\/div>\n                <div class=\"active-icon\"><i aria-hidden=\"true\" class=\"fas fa-chevron-down\"><\/i><\/div>\n            <\/div><span class=\"title\">Puis-je louer un bateau de Chania \u00e0 Balos ?<\/span>\n                    <\/a>\n                <\/div>\n                <div class=\"card-expand\" id=\"expand-9360035\" style=\"display:none\"><div class=\"card-body\"><p>Nous vous sugg\u00e9rons de venir \u00e0 Kissamos qui est le point le plus proche de Balos.<\/p><\/div><\/div>\n            <\/div><div class=\"card-wrapper\">\n                <div class=\"card-header\">\n                    <a href=\"#expand-c759d86\" class=\"card-header-button\" aria-expanded=\"false\" data-target=\"#expand-c759d86\" aria-controls=\"expand-c759d86\">\n                        <div class=\"left-icon-group\">\n                <div class=\"normal-icon\"><i aria-hidden=\"true\" class=\"fas fa-chevron-right\"><\/i><\/div>\n                <div class=\"active-icon\"><i aria-hidden=\"true\" class=\"fas fa-chevron-down\"><\/i><\/div>\n            <\/div><span class=\"title\">Comment une r\u00e9servation est-elle confirm\u00e9e ?<\/span>\n                    <\/a>\n                <\/div>\n                <div class=\"card-expand\" id=\"expand-c759d86\" style=\"display:none\"><div class=\"card-body\"><p>Vous serez contact\u00e9(e) et votre r\u00e9servation sera confirm\u00e9e par WhatsApp ou par t\u00e9l\u00e9phone.<\/p><\/div><\/div>\n            <\/div><div class=\"card-wrapper\">\n                <div class=\"card-header\">\n                    <a href=\"#expand-fd5872c\" class=\"card-header-button\" aria-expanded=\"false\" data-target=\"#expand-fd5872c\" aria-controls=\"expand-fd5872c\">\n                        <div class=\"left-icon-group\">\n                <div class=\"normal-icon\"><i aria-hidden=\"true\" class=\"fas fa-chevron-right\"><\/i><\/div>\n                <div class=\"active-icon\"><i aria-hidden=\"true\" class=\"fas fa-chevron-down\"><\/i><\/div>\n            <\/div><span class=\"title\">Dans quel cas une r\u00e9servation peut-elle \u00eatre annul\u00e9e ?<\/span>\n                    <\/a>\n                <\/div>\n                <div class=\"card-expand\" id=\"expand-fd5872c\" style=\"display:none\"><div class=\"card-body\"><p>Il peut \u00eatre annul\u00e9 en raison d'une mer agit\u00e9e ou de probl\u00e8mes de sant\u00e9.<\/p><\/div><\/div>\n            <\/div><div class=\"card-wrapper\">\n                <div class=\"card-header\">\n                    <a href=\"#expand-0e41172\" class=\"card-header-button\" aria-expanded=\"false\" data-target=\"#expand-0e41172\" aria-controls=\"expand-0e41172\">\n                        <div class=\"left-icon-group\">\n                <div class=\"normal-icon\"><i aria-hidden=\"true\" class=\"fas fa-chevron-right\"><\/i><\/div>\n                <div class=\"active-icon\"><i aria-hidden=\"true\" class=\"fas fa-chevron-down\"><\/i><\/div>\n            <\/div><span class=\"title\">Les bateaux ont-ils des gilets de sauvetage pour les enfants ?<\/span>\n                    <\/a>\n                <\/div>\n                <div class=\"card-expand\" id=\"expand-0e41172\" style=\"display:none\"><div class=\"card-body\"><p>Oui, tous les bateaux ont un type certifi\u00e9 de gilets de sauvetage pour enfants.<\/p><\/div><\/div>\n            <\/div><div class=\"card-wrapper\">\n                <div class=\"card-header\">\n                    <a href=\"#expand-928c46d\" class=\"card-header-button\" aria-expanded=\"false\" data-target=\"#expand-928c46d\" aria-controls=\"expand-928c46d\">\n                        <div class=\"left-icon-group\">\n                <div class=\"normal-icon\"><i aria-hidden=\"true\" class=\"fas fa-chevron-right\"><\/i><\/div>\n                <div class=\"active-icon\"><i aria-hidden=\"true\" class=\"fas fa-chevron-down\"><\/i><\/div>\n            <\/div><span class=\"title\">Puis-je louer un bateau avec un capitaine ?<\/span>\n                    <\/a>\n                <\/div>\n                <div class=\"card-expand\" id=\"expand-928c46d\" style=\"display:none\"><div class=\"card-body\"><p>Oui, vous pouvez louer un bateau avec un capitaine, comme nous avons des capitaines exp\u00e9riment\u00e9s, locaux.<\/p><\/div><\/div>\n            <\/div><div class=\"card-wrapper\">\n                <div class=\"card-header\">\n                    <a href=\"#expand-f163cf9\" class=\"card-header-button\" aria-expanded=\"false\" data-target=\"#expand-f163cf9\" aria-controls=\"expand-f163cf9\">\n                        <div class=\"left-icon-group\">\n                <div class=\"normal-icon\"><i aria-hidden=\"true\" class=\"fas fa-chevron-right\"><\/i><\/div>\n                <div class=\"active-icon\"><i aria-hidden=\"true\" class=\"fas fa-chevron-down\"><\/i><\/div>\n            <\/div><span class=\"title\">Le bateau a-t-il un r\u00e9frig\u00e9rateur pour la glace ?<\/span>\n                    <\/a>\n                <\/div>\n                <div class=\"card-expand\" id=\"expand-f163cf9\" style=\"display:none\"><div class=\"card-body\"><p>Tous les bateaux fournissent une glaci\u00e8re portable.<\/p><\/div><\/div>\n            <\/div><div class=\"card-wrapper\">\n                <div class=\"card-header\">\n                    <a href=\"#expand-02f67fd\" class=\"card-header-button\" aria-expanded=\"false\" data-target=\"#expand-02f67fd\" aria-controls=\"expand-02f67fd\">\n                        <div class=\"left-icon-group\">\n                <div class=\"normal-icon\"><i aria-hidden=\"true\" class=\"fas fa-chevron-right\"><\/i><\/div>\n                <div class=\"active-icon\"><i aria-hidden=\"true\" class=\"fas fa-chevron-down\"><\/i><\/div>\n            <\/div><span class=\"title\">Combien de temps dure le trajet de Kissamos \u00e0 Menies ?<\/span>\n                    <\/a>\n                <\/div>\n                <div class=\"card-expand\" id=\"expand-02f67fd\" style=\"display:none\"><div class=\"card-body\"><p>De Kissamos, il faut environ 45 \u00e0 50 minutes.<\/p><\/div><\/div>\n            <\/div><div class=\"card-wrapper\">\n                <div class=\"card-header\">\n                    <a href=\"#expand-38a6957\" class=\"card-header-button\" aria-expanded=\"false\" data-target=\"#expand-38a6957\" aria-controls=\"expand-38a6957\">\n                        <div class=\"left-icon-group\">\n                <div class=\"normal-icon\"><i aria-hidden=\"true\" class=\"fas fa-chevron-right\"><\/i><\/div>\n                <div class=\"active-icon\"><i aria-hidden=\"true\" class=\"fas fa-chevron-down\"><\/i><\/div>\n            <\/div><span class=\"title\">Les bateaux sans permis et sans capitaine peuvent-ils aller n'importe o\u00f9 ?<\/span>\n                    <\/a>\n                <\/div>\n                <div class=\"card-expand\" id=\"expand-38a6957\" style=\"display:none\"><div class=\"card-body\"><p>Les bateaux sans capitaine ne sont que pour Balos, Gramvousa, les plages cach\u00e9es des environs et pour explorer tout le cap. Les mesures de s\u00e9curit\u00e9 n\u00e9cessaires ont \u00e9t\u00e9 prises seulement pour cette destination.<\/p><\/div><\/div>\n            <\/div><div class=\"card-wrapper\">\n                <div class=\"card-header\">\n                    <a href=\"#expand-8c506b0\" class=\"card-header-button\" aria-expanded=\"false\" data-target=\"#expand-8c506b0\" aria-controls=\"expand-8c506b0\">\n                        <div class=\"left-icon-group\">\n                <div class=\"normal-icon\"><i aria-hidden=\"true\" class=\"fas fa-chevron-right\"><\/i><\/div>\n                <div class=\"active-icon\"><i aria-hidden=\"true\" class=\"fas fa-chevron-down\"><\/i><\/div>\n            <\/div><span class=\"title\">Le bateau a-t-il une carte ?<\/span>\n                    <\/a>\n                <\/div>\n                <div class=\"card-expand\" id=\"expand-8c506b0\" style=\"display:none\"><div class=\"card-body\"><p>Oui, le bateau a une carte.<\/p><\/div><\/div>\n            <\/div><div class=\"card-wrapper\">\n                <div class=\"card-header\">\n                    <a href=\"#expand-015023b\" class=\"card-header-button\" aria-expanded=\"false\" data-target=\"#expand-015023b\" aria-controls=\"expand-015023b\">\n                        <div class=\"left-icon-group\">\n                <div class=\"normal-icon\"><i aria-hidden=\"true\" class=\"fas fa-chevron-right\"><\/i><\/div>\n                <div class=\"active-icon\"><i aria-hidden=\"true\" class=\"fas fa-chevron-down\"><\/i><\/div>\n            <\/div><span class=\"title\">Le bateau a-t-il une \u00e9chelle de mer ?<\/span>\n                    <\/a>\n                <\/div>\n                <div class=\"card-expand\" id=\"expand-015023b\" style=\"display:none\"><div class=\"card-body\"><p>Tous les bateaux ont une \u00e9chelle pour un acc\u00e8s facile \u00e0 la mer.<\/p><\/div><\/div>\n            <\/div><div class=\"card-wrapper\">\n                <div class=\"card-header\">\n                    <a href=\"#expand-16dac53\" class=\"card-header-button\" aria-expanded=\"false\" data-target=\"#expand-16dac53\" aria-controls=\"expand-16dac53\">\n                        <div class=\"left-icon-group\">\n                <div class=\"normal-icon\"><i aria-hidden=\"true\" class=\"fas fa-chevron-right\"><\/i><\/div>\n                <div class=\"active-icon\"><i aria-hidden=\"true\" class=\"fas fa-chevron-down\"><\/i><\/div>\n            <\/div><span class=\"title\">Ai-je besoin d'une carte de cr\u00e9dit pour louer un bateau sans permis ?<\/span>\n                    <\/a>\n                <\/div>\n                <div class=\"card-expand\" id=\"expand-16dac53\" style=\"display:none\"><div class=\"card-body\"><p>Non, vous n'\u00eates pas oblig\u00e9. Signez simplement la lettre d'indemnit\u00e9.<\/p><\/div><\/div>\n            <\/div><div class=\"card-wrapper\">\n                <div class=\"card-header\">\n                    <a href=\"#expand-761862a\" class=\"card-header-button\" aria-expanded=\"false\" data-target=\"#expand-761862a\" aria-controls=\"expand-761862a\">\n                        <div class=\"left-icon-group\">\n                <div class=\"normal-icon\"><i aria-hidden=\"true\" class=\"fas fa-chevron-right\"><\/i><\/div>\n                <div class=\"active-icon\"><i aria-hidden=\"true\" class=\"fas fa-chevron-down\"><\/i><\/div>\n            <\/div><span class=\"title\">Les animaux domestiques sont-ils autoris\u00e9s ?<\/span>\n                    <\/a>\n                <\/div>\n                <div class=\"card-expand\" id=\"expand-761862a\" style=\"display:none\"><div class=\"card-body\"><p>Vous pouvez emmener vos animaux de compagnie avec vous tout au long de votre excursion.<\/p><\/div><\/div>\n            <\/div><div class=\"card-wrapper\">\n                <div class=\"card-header\">\n                    <a href=\"#expand-cc1785e\" class=\"card-header-button\" aria-expanded=\"false\" data-target=\"#expand-cc1785e\" aria-controls=\"expand-cc1785e\">\n                        <div class=\"left-icon-group\">\n                <div class=\"normal-icon\"><i aria-hidden=\"true\" class=\"fas fa-chevron-right\"><\/i><\/div>\n                <div class=\"active-icon\"><i aria-hidden=\"true\" class=\"fas fa-chevron-down\"><\/i><\/div>\n            <\/div><span class=\"title\">Les bateaux sont-ils nettoy\u00e9s ?<\/span>\n                    <\/a>\n                <\/div>\n                <div class=\"card-expand\" id=\"expand-cc1785e\" style=\"display:none\"><div class=\"card-body\"><p>Tous nos bateaux sont soigneusement nettoy\u00e9s et d\u00e9sinfect\u00e9s au retour d'un voyage et avant d'\u00eatre r\u00e9cup\u00e9r\u00e9s pour le prochain voyage. La propret\u00e9 du bateau, pour des raisons d'hygi\u00e8ne, est tr\u00e8s importante pour nous.<\/p><\/div><\/div>\n            <\/div><\/div>\t\t\t\t<\/div>\n\t\t\t\t<\/div>\n\t\t\t\t\t<\/div>\n\t\t<\/div>\n\t\t\t\t\t<\/div>\n\t\t<\/section>\n\t\t\t\t\t<\/div>\n\t\t<\/div>\n\t\t\t\t\t<\/div>\n\t\t<\/section>\n\t\t\t\t<\/div>","protected":false},"excerpt":{"rendered":"<p>Frequently Asked Questions Questions &amp; Answers Customer Questions Can I rent a boat without a skipper? Yes, you can! However, please note that bareboat rentals are subject to a basic handling skills check upon arrival. To ensure your maximum safety, if the safety requirements are not met, we strongly recommend (and may require) that the [&hellip;]<\/p>\n","protected":false},"author":1,"featured_media":0,"parent":0,"menu_order":0,"comment_status":"closed","ping_status":"closed","template":"","meta":{"footnotes":""},"class_list":["post-3449","page","type-page","status-publish","hentry"],"_links":{"self":[{"href":"https:\/\/sea-holics.gr\/fr\/wp-json\/wp\/v2\/pages\/3449","targetHints":{"allow":["GET"]}}],"collection":[{"href":"https:\/\/sea-holics.gr\/fr\/wp-json\/wp\/v2\/pages"}],"about":[{"href":"https:\/\/sea-holics.gr\/fr\/wp-json\/wp\/v2\/types\/page"}],"author":[{"embeddable":true,"href":"https:\/\/sea-holics.gr\/fr\/wp-json\/wp\/v2\/users\/1"}],"replies":[{"embeddable":true,"href":"https:\/\/sea-holics.gr\/fr\/wp-json\/wp\/v2\/comments?post=3449"}],"version-history":[{"count":0,"href":"https:\/\/sea-holics.gr\/fr\/wp-json\/wp\/v2\/pages\/3449\/revisions"}],"wp:attachment":[{"href":"https:\/\/sea-holics.gr\/fr\/wp-json\/wp\/v2\/media?parent=3449"}],"curies":[{"name":"wp","href":"https:\/\/api.w.org\/{rel}","templated":true}]}}