{"id":661,"date":"2022-05-17T12:31:32","date_gmt":"2022-05-17T09:31:32","guid":{"rendered":"https:\/\/sea-holics.gr\/?page_id=661"},"modified":"2024-09-10T14:26:19","modified_gmt":"2024-09-10T11:26:19","slug":"terms-of-rental-use","status":"publish","type":"page","link":"https:\/\/sea-holics.gr\/de\/terms-of-rental-use\/","title":{"rendered":"Terms of rental use"},"content":{"rendered":"<style>.elementor-661 .elementor-element.elementor-element-8726b3c > .elementor-background-overlay{background-color:#2828284D;opacity:0.5;transition:background 0.3s, border-radius 0.3s, opacity 0.3s;}.elementor-661 .elementor-element.elementor-element-8726b3c{transition:background 0.3s, border 0.3s, border-radius 0.3s, box-shadow 0.3s;margin-top:-105px;margin-bottom:0px;padding:100px 0px 100px 0px;}.elementor-661 .elementor-element.elementor-element-467dec5:not(.elementor-motion-effects-element-type-background) > .elementor-widget-wrap, .elementor-661 .elementor-element.elementor-element-467dec5 > .elementor-widget-wrap > .elementor-motion-effects-container > .elementor-motion-effects-layer{background-color:#02010161;}.elementor-661 .elementor-element.elementor-element-467dec5 > .elementor-element-populated{transition:background 0.3s, border 0.3s, border-radius 0.3s, box-shadow 0.3s;margin:50px 0px 0px 0px;--e-column-margin-right:0px;--e-column-margin-left:0px;padding:20px 50px 20px 50px;}.elementor-661 .elementor-element.elementor-element-467dec5 > .elementor-element-populated > .elementor-background-overlay{transition:background 0.3s, border-radius 0.3s, opacity 0.3s;}.elementor-widget-heading .elementor-heading-title{font-family:var( --e-global-typography-primary-font-family ), Sans-serif;font-size:var( --e-global-typography-primary-font-size );font-weight:var( --e-global-typography-primary-font-weight );color:var( --e-global-color-primary );}.elementor-661 .elementor-element.elementor-element-3ed423f .elementor-heading-title{font-family:\"Ubuntu\", Sans-serif;font-size:37px;font-weight:600;color:#FFFFFF;}.elementor-widget-icon-list .elementor-icon-list-item:not(:last-child):after{border-color:var( --e-global-color-text );}.elementor-widget-icon-list .elementor-icon-list-icon i{color:var( --e-global-color-primary );}.elementor-widget-icon-list .elementor-icon-list-icon svg{fill:var( --e-global-color-primary );}.elementor-widget-icon-list .elementor-icon-list-item > .elementor-icon-list-text, .elementor-widget-icon-list .elementor-icon-list-item > a{font-family:var( --e-global-typography-text-font-family ), Sans-serif;font-size:var( --e-global-typography-text-font-size );font-weight:var( --e-global-typography-text-font-weight );}.elementor-widget-icon-list .elementor-icon-list-text{color:var( --e-global-color-secondary );}.elementor-661 .elementor-element.elementor-element-4648247 .elementor-icon-list-items:not(.elementor-inline-items) .elementor-icon-list-item:not(:last-child){padding-block-end:calc(30px\/2);}.elementor-661 .elementor-element.elementor-element-4648247 .elementor-icon-list-items:not(.elementor-inline-items) .elementor-icon-list-item:not(:first-child){margin-block-start:calc(30px\/2);}.elementor-661 .elementor-element.elementor-element-4648247 .elementor-icon-list-items.elementor-inline-items .elementor-icon-list-item{margin-inline:calc(30px\/2);}.elementor-661 .elementor-element.elementor-element-4648247 .elementor-icon-list-items.elementor-inline-items{margin-inline:calc(-30px\/2);}.elementor-661 .elementor-element.elementor-element-4648247 .elementor-icon-list-items.elementor-inline-items .elementor-icon-list-item:after{inset-inline-end:calc(-30px\/2);}.elementor-661 .elementor-element.elementor-element-4648247 .elementor-icon-list-item:not(:last-child):after{content:\"\";border-color:#ddd;}.elementor-661 .elementor-element.elementor-element-4648247 .elementor-icon-list-items:not(.elementor-inline-items) .elementor-icon-list-item:not(:last-child):after{border-block-start-style:solid;border-block-start-width:1px;}.elementor-661 .elementor-element.elementor-element-4648247 .elementor-icon-list-items.elementor-inline-items .elementor-icon-list-item:not(:last-child):after{border-inline-start-style:solid;}.elementor-661 .elementor-element.elementor-element-4648247 .elementor-inline-items .elementor-icon-list-item:not(:last-child):after{border-inline-start-width:1px;}.elementor-661 .elementor-element.elementor-element-4648247 .elementor-icon-list-icon i{transition:color 0.3s;}.elementor-661 .elementor-element.elementor-element-4648247 .elementor-icon-list-icon svg{transition:fill 0.3s;}.elementor-661 .elementor-element.elementor-element-4648247{--e-icon-list-icon-size:25px;--icon-vertical-offset:0px;}.elementor-661 .elementor-element.elementor-element-4648247 .elementor-icon-list-item > .elementor-icon-list-text, .elementor-661 .elementor-element.elementor-element-4648247 .elementor-icon-list-item > a{font-family:\"Ubuntu\", Sans-serif;font-size:18px;font-weight:100;}.elementor-661 .elementor-element.elementor-element-4648247 .elementor-icon-list-text{color:#FFFFFF;transition:color 0.3s;}.elementor-661 .elementor-element.elementor-element-0219ded{margin-top:20px;margin-bottom:20px;}.elementor-661 .elementor-element.elementor-element-a99aaf7{text-align:center;}.elementor-661 .elementor-element.elementor-element-a99aaf7 .elementor-heading-title{font-family:\"Ubuntu\", Sans-serif;font-size:37px;font-weight:500;color:var( --e-global-color-text );}.elementor-661 .elementor-element.elementor-element-f243c69 .elementor-icon-list-items:not(.elementor-inline-items) .elementor-icon-list-item:not(:last-child){padding-block-end:calc(20px\/2);}.elementor-661 .elementor-element.elementor-element-f243c69 .elementor-icon-list-items:not(.elementor-inline-items) .elementor-icon-list-item:not(:first-child){margin-block-start:calc(20px\/2);}.elementor-661 .elementor-element.elementor-element-f243c69 .elementor-icon-list-items.elementor-inline-items .elementor-icon-list-item{margin-inline:calc(20px\/2);}.elementor-661 .elementor-element.elementor-element-f243c69 .elementor-icon-list-items.elementor-inline-items{margin-inline:calc(-20px\/2);}.elementor-661 .elementor-element.elementor-element-f243c69 .elementor-icon-list-items.elementor-inline-items .elementor-icon-list-item:after{inset-inline-end:calc(-20px\/2);}.elementor-661 .elementor-element.elementor-element-f243c69 .elementor-icon-list-item:not(:last-child):after{content:\"\";border-color:#ddd;}.elementor-661 .elementor-element.elementor-element-f243c69 .elementor-icon-list-items:not(.elementor-inline-items) .elementor-icon-list-item:not(:last-child):after{border-block-start-style:solid;border-block-start-width:1px;}.elementor-661 .elementor-element.elementor-element-f243c69 .elementor-icon-list-items.elementor-inline-items .elementor-icon-list-item:not(:last-child):after{border-inline-start-style:solid;}.elementor-661 .elementor-element.elementor-element-f243c69 .elementor-inline-items .elementor-icon-list-item:not(:last-child):after{border-inline-start-width:1px;}.elementor-661 .elementor-element.elementor-element-f243c69 .elementor-icon-list-icon i{transition:color 0.3s;}.elementor-661 .elementor-element.elementor-element-f243c69 .elementor-icon-list-icon svg{transition:fill 0.3s;}.elementor-661 .elementor-element.elementor-element-f243c69{--e-icon-list-icon-size:25px;--icon-vertical-offset:0px;}.elementor-661 .elementor-element.elementor-element-f243c69 .elementor-icon-list-item > .elementor-icon-list-text, .elementor-661 .elementor-element.elementor-element-f243c69 .elementor-icon-list-item > a{font-family:\"Ubuntu\", Sans-serif;font-size:18px;font-weight:100;}.elementor-661 .elementor-element.elementor-element-f243c69 .elementor-icon-list-text{color:var( --e-global-color-text );transition:color 0.3s;}@media(max-width:1024px){.elementor-661 .elementor-element.elementor-element-8726b3c{margin-top:-122px;margin-bottom:0px;padding:50px 50px 50px 50px;}.elementor-661 .elementor-element.elementor-element-467dec5 > .elementor-element-populated{margin:70px 0px 0px 0px;--e-column-margin-right:0px;--e-column-margin-left:0px;padding:20px 50px 20px 50px;}.elementor-widget-heading .elementor-heading-title{font-size:var( --e-global-typography-primary-font-size );}.elementor-661 .elementor-element.elementor-element-3ed423f .elementor-heading-title{font-size:30px;}.elementor-widget-icon-list .elementor-icon-list-item > .elementor-icon-list-text, .elementor-widget-icon-list .elementor-icon-list-item > a{font-size:var( --e-global-typography-text-font-size );}.elementor-661 .elementor-element.elementor-element-4648247 .elementor-icon-list-item > .elementor-icon-list-text, .elementor-661 .elementor-element.elementor-element-4648247 .elementor-icon-list-item > a{font-size:15px;}.elementor-661 .elementor-element.elementor-element-a99aaf7 .elementor-heading-title{font-size:30px;}.elementor-661 .elementor-element.elementor-element-f243c69 .elementor-icon-list-item > .elementor-icon-list-text, .elementor-661 .elementor-element.elementor-element-f243c69 .elementor-icon-list-item > a{font-size:15px;}}@media(max-width:767px){.elementor-661 .elementor-element.elementor-element-8726b3c{padding:15px 15px 15px 15px;}.elementor-661 .elementor-element.elementor-element-467dec5 > .elementor-element-populated{margin:85px 0px 0px 0px;--e-column-margin-right:0px;--e-column-margin-left:0px;padding:10px 10px 10px 10px;}.elementor-widget-heading .elementor-heading-title{font-size:var( --e-global-typography-primary-font-size );}.elementor-661 .elementor-element.elementor-element-3ed423f .elementor-heading-title{font-size:20px;}.elementor-widget-icon-list .elementor-icon-list-item > .elementor-icon-list-text, .elementor-widget-icon-list .elementor-icon-list-item > a{font-size:var( --e-global-typography-text-font-size );}.elementor-661 .elementor-element.elementor-element-4648247 .elementor-icon-list-item > .elementor-icon-list-text, .elementor-661 .elementor-element.elementor-element-4648247 .elementor-icon-list-item > a{font-size:14px;}.elementor-661 .elementor-element.elementor-element-a99aaf7 .elementor-heading-title{font-size:16px;}.elementor-661 .elementor-element.elementor-element-f243c69 .elementor-icon-list-item > .elementor-icon-list-text, .elementor-661 .elementor-element.elementor-element-f243c69 .elementor-icon-list-item > a{font-size:14px;}}<\/style>\t\t<div data-elementor-type=\"wp-page\" data-elementor-id=\"661\" class=\"elementor elementor-661\" data-elementor-post-type=\"page\">\n\t\t\t\t\t\t<section class=\"elementor-section elementor-top-section elementor-element elementor-element-8726b3c elementor-section-boxed elementor-section-height-default elementor-section-height-default\" data-id=\"8726b3c\" data-element_type=\"section\" data-e-type=\"section\" data-settings=\"{&quot;background_background&quot;:&quot;video&quot;,&quot;background_video_link&quot;:&quot;https:\\\/\\\/sea-holics.gr\\\/wp-content\\\/uploads\\\/2022\\\/05\\\/seaholics_video_safe_instuctions.mp4&quot;,&quot;background_play_on_mobile&quot;:&quot;yes&quot;}\">\n\t\t\t\t\t\t\t\t<div class=\"elementor-background-video-container\">\n\t\t\t\t\t\t\t\t\t\t\t\t\t<video class=\"elementor-background-video-hosted\" role=\"presentation\" autoplay muted playsinline loop><\/video>\n\t\t\t\t\t\t\t\t\t\t\t<\/div>\n\t\t\t\t\t\t\t\t\t<div class=\"elementor-background-overlay\"><\/div>\n\t\t\t\t\t\t\t<div class=\"elementor-container elementor-column-gap-default\">\n\t\t\t\t\t<div class=\"elementor-column elementor-col-100 elementor-top-column elementor-element elementor-element-467dec5\" data-id=\"467dec5\" data-element_type=\"column\" data-e-type=\"column\" data-settings=\"{&quot;background_background&quot;:&quot;classic&quot;}\">\n\t\t\t<div class=\"elementor-widget-wrap elementor-element-populated\">\n\t\t\t\t\t\t<div class=\"elementor-element elementor-element-3ed423f elementor-widget elementor-widget-heading\" data-id=\"3ed423f\" data-element_type=\"widget\" data-e-type=\"widget\" data-widget_type=\"heading.default\">\n\t\t\t\t<div class=\"elementor-widget-container\">\n\t\t\t\t\t<h2 class=\"elementor-heading-title elementor-size-default\">Mietbedingungen und Konditionen\n<\/h2>\t\t\t\t<\/div>\n\t\t\t\t<\/div>\n\t\t\t\t<div class=\"elementor-element elementor-element-4648247 elementor-icon-list--layout-traditional elementor-list-item-link-full_width elementor-widget elementor-widget-icon-list\" data-id=\"4648247\" data-element_type=\"widget\" data-e-type=\"widget\" data-widget_type=\"icon-list.default\">\n\t\t\t\t<div class=\"elementor-widget-container\">\n\t\t\t\t\t\t\t<ul class=\"elementor-icon-list-items\">\n\t\t\t\t\t\t\t<li class=\"elementor-icon-list-item\">\n\t\t\t\t\t\t\t\t\t\t\t<span class=\"elementor-icon-list-icon\">\n\t\t\t\t\t\t\t<i aria-hidden=\"true\" class=\"fas fa-anchor\"><\/i>\t\t\t\t\t\t<\/span>\n\t\t\t\t\t\t\t\t\t\t<span class=\"elementor-icon-list-text\">In case of delay, there will be an extra charge<\/span>\n\t\t\t\t\t\t\t\t\t<\/li>\n\t\t\t\t\t\t\t\t<li class=\"elementor-icon-list-item\">\n\t\t\t\t\t\t\t\t\t\t\t<span class=\"elementor-icon-list-icon\">\n\t\t\t\t\t\t\t<i aria-hidden=\"true\" class=\"fas fa-anchor\"><\/i>\t\t\t\t\t\t<\/span>\n\t\t\t\t\t\t\t\t\t\t<span class=\"elementor-icon-list-text\">Weather: find out about the weather 2 days before the day of your reservation, you can also ask us.<\/span>\n\t\t\t\t\t\t\t\t\t<\/li>\n\t\t\t\t\t\t\t\t<li class=\"elementor-icon-list-item\">\n\t\t\t\t\t\t\t\t\t\t\t<span class=\"elementor-icon-list-icon\">\n\t\t\t\t\t\t\t<i aria-hidden=\"true\" class=\"fas fa-anchor\"><\/i>\t\t\t\t\t\t<\/span>\n\t\t\t\t\t\t\t\t\t\t<span class=\"elementor-icon-list-text\">In case of damage, there will be an extra charge<\/span>\n\t\t\t\t\t\t\t\t\t<\/li>\n\t\t\t\t\t\t\t\t<li class=\"elementor-icon-list-item\">\n\t\t\t\t\t\t\t\t\t\t\t<span class=\"elementor-icon-list-icon\">\n\t\t\t\t\t\t\t<i aria-hidden=\"true\" class=\"fas fa-anchor\"><\/i>\t\t\t\t\t\t<\/span>\n\t\t\t\t\t\t\t\t\t\t<span class=\"elementor-icon-list-text\">In case of last minute cancellation, no refund<\/span>\n\t\t\t\t\t\t\t\t\t<\/li>\n\t\t\t\t\t\t\t\t<li class=\"elementor-icon-list-item\">\n\t\t\t\t\t\t\t\t\t\t\t<span class=\"elementor-icon-list-icon\">\n\t\t\t\t\t\t\t<i aria-hidden=\"true\" class=\"fas fa-anchor\"><\/i>\t\t\t\t\t\t<\/span>\n\t\t\t\t\t\t\t\t\t\t<span class=\"elementor-icon-list-text\">In case of cancellation by us due to weather (from 4 Beaufort and above) refund of the entire amount<\/span>\n\t\t\t\t\t\t\t\t\t<\/li>\n\t\t\t\t\t\t\t\t<li class=\"elementor-icon-list-item\">\n\t\t\t\t\t\t\t\t\t\t\t<span class=\"elementor-icon-list-icon\">\n\t\t\t\t\t\t\t<i aria-hidden=\"true\" class=\"fas fa-anchor\"><\/i>\t\t\t\t\t\t<\/span>\n\t\t\t\t\t\t\t\t\t\t<span class=\"elementor-icon-list-text\">Full information of D.K.AS on each boat (international conflict prevention regulation)<\/span>\n\t\t\t\t\t\t\t\t\t<\/li>\n\t\t\t\t\t\t<\/ul>\n\t\t\t\t\t\t<\/div>\n\t\t\t\t<\/div>\n\t\t\t\t\t<\/div>\n\t\t<\/div>\n\t\t\t\t\t<\/div>\n\t\t<\/section>\n\t\t\t\t<section class=\"elementor-section elementor-top-section elementor-element elementor-element-0219ded elementor-section-boxed elementor-section-height-default elementor-section-height-default\" data-id=\"0219ded\" data-element_type=\"section\" data-e-type=\"section\">\n\t\t\t\t\t\t<div class=\"elementor-container elementor-column-gap-default\">\n\t\t\t\t\t<div class=\"elementor-column elementor-col-100 elementor-top-column elementor-element elementor-element-16714ab\" data-id=\"16714ab\" data-element_type=\"column\" data-e-type=\"column\">\n\t\t\t<div class=\"elementor-widget-wrap elementor-element-populated\">\n\t\t\t\t\t\t<div class=\"elementor-element elementor-element-a99aaf7 elementor-widget elementor-widget-heading\" data-id=\"a99aaf7\" data-element_type=\"widget\" data-e-type=\"widget\" data-widget_type=\"heading.default\">\n\t\t\t\t<div class=\"elementor-widget-container\">\n\t\t\t\t\t<h2 class=\"elementor-heading-title elementor-size-default\">Safe Sailing Instructions<\/h2>\t\t\t\t<\/div>\n\t\t\t\t<\/div>\n\t\t\t\t<div class=\"elementor-element elementor-element-f243c69 elementor-icon-list--layout-traditional elementor-list-item-link-full_width elementor-widget elementor-widget-icon-list\" data-id=\"f243c69\" data-element_type=\"widget\" data-e-type=\"widget\" data-widget_type=\"icon-list.default\">\n\t\t\t\t<div class=\"elementor-widget-container\">\n\t\t\t\t\t\t\t<ul class=\"elementor-icon-list-items\">\n\t\t\t\t\t\t\t<li class=\"elementor-icon-list-item\">\n\t\t\t\t\t\t\t\t\t\t\t<span class=\"elementor-icon-list-icon\">\n\t\t\t\t\t\t\t<i aria-hidden=\"true\" class=\"far fa-life-ring\"><\/i>\t\t\t\t\t\t<\/span>\n\t\t\t\t\t\t\t\t\t\t<span class=\"elementor-icon-list-text\"> Before you sail, we will give you all the safety instructions and equipment you are going to need for your trip.<\/span>\n\t\t\t\t\t\t\t\t\t<\/li>\n\t\t\t\t\t\t\t\t<li class=\"elementor-icon-list-item\">\n\t\t\t\t\t\t\t\t\t\t\t<span class=\"elementor-icon-list-icon\">\n\t\t\t\t\t\t\t<i aria-hidden=\"true\" class=\"far fa-life-ring\"><\/i>\t\t\t\t\t\t<\/span>\n\t\t\t\t\t\t\t\t\t\t<span class=\"elementor-icon-list-text\">In case you do not have a boat driving license, our captain can accompany you at an additional cost. Smaller boats up to 30 hp can be ridden without a license.<\/span>\n\t\t\t\t\t\t\t\t\t<\/li>\n\t\t\t\t\t\t\t\t<li class=\"elementor-icon-list-item\">\n\t\t\t\t\t\t\t\t\t\t\t<span class=\"elementor-icon-list-icon\">\n\t\t\t\t\t\t\t<i aria-hidden=\"true\" class=\"far fa-life-ring\"><\/i>\t\t\t\t\t\t<\/span>\n\t\t\t\t\t\t\t\t\t\t<span class=\"elementor-icon-list-text\">Treibstoff: Es ist sehr wichtig, dass Sie Treibstoff mit sich f\u00fchren, da es keine Tankstellen an Bord gibt, also weichen Sie nicht von den Punkten ab, die die verantwortliche Person f\u00fcr Sie festgelegt hat.<\/span>\n\t\t\t\t\t\t\t\t\t<\/li>\n\t\t\t\t\t\t\t\t<li class=\"elementor-icon-list-item\">\n\t\t\t\t\t\t\t\t\t\t\t<span class=\"elementor-icon-list-icon\">\n\t\t\t\t\t\t\t<i aria-hidden=\"true\" class=\"far fa-life-ring\"><\/i>\t\t\t\t\t\t<\/span>\n\t\t\t\t\t\t\t\t\t\t<span class=\"elementor-icon-list-text\">The driver of the boat should always be 100% sober.<\/span>\n\t\t\t\t\t\t\t\t\t<\/li>\n\t\t\t\t\t\t\t\t<li class=\"elementor-icon-list-item\">\n\t\t\t\t\t\t\t\t\t\t\t<span class=\"elementor-icon-list-icon\">\n\t\t\t\t\t\t\t<i aria-hidden=\"true\" class=\"far fa-life-ring\"><\/i>\t\t\t\t\t\t<\/span>\n\t\t\t\t\t\t\t\t\t\t<span class=\"elementor-icon-list-text\">In case you see a buoy floating on the surface of the sea, keep a distance of 20 to 30 meters from it, because at that point on the seabed there is probably a diver.<\/span>\n\t\t\t\t\t\t\t\t\t<\/li>\n\t\t\t\t\t\t\t\t<li class=\"elementor-icon-list-item\">\n\t\t\t\t\t\t\t\t\t\t\t<span class=\"elementor-icon-list-icon\">\n\t\t\t\t\t\t\t<i aria-hidden=\"true\" class=\"far fa-life-ring\"><\/i>\t\t\t\t\t\t<\/span>\n\t\t\t\t\t\t\t\t\t\t<span class=\"elementor-icon-list-text\">For those who take a trip to Balos &amp; Gramvousa, we have our own point in Balos lagoon where you can moor the boat.<\/span>\n\t\t\t\t\t\t\t\t\t<\/li>\n\t\t\t\t\t\t\t\t<li class=\"elementor-icon-list-item\">\n\t\t\t\t\t\t\t\t\t\t\t<span class=\"elementor-icon-list-icon\">\n\t\t\t\t\t\t\t<i aria-hidden=\"true\" class=\"far fa-life-ring\"><\/i>\t\t\t\t\t\t<\/span>\n\t\t\t\t\t\t\t\t\t\t<span class=\"elementor-icon-list-text\">Bei der Ann\u00e4herung an den Strand sollte die Geschwindigkeit nicht mehr als 3 Knoten betragen und man sollte sich immer von den Badenden fernhalten.<\/span>\n\t\t\t\t\t\t\t\t\t<\/li>\n\t\t\t\t\t\t\t\t<li class=\"elementor-icon-list-item\">\n\t\t\t\t\t\t\t\t\t\t\t<span class=\"elementor-icon-list-icon\">\n\t\t\t\t\t\t\t<i aria-hidden=\"true\" class=\"far fa-life-ring\"><\/i>\t\t\t\t\t\t<\/span>\n\t\t\t\t\t\t\t\t\t\t<span class=\"elementor-icon-list-text\">Ankern: Denken Sie daran, immer eine lange Kette und ein langes Seil zu hinterlassen, etwa dreimal so gro\u00df wie das Boot (je nach Gr\u00f6\u00dfe des Grundes). Die Kette des Ankers sollte immer vollst\u00e4ndig im Wasser sein.<\/span>\n\t\t\t\t\t\t\t\t\t<\/li>\n\t\t\t\t\t\t\t\t<li class=\"elementor-icon-list-item\">\n\t\t\t\t\t\t\t\t\t\t\t<span class=\"elementor-icon-list-icon\">\n\t\t\t\t\t\t\t<i aria-hidden=\"true\" class=\"far fa-life-ring\"><\/i>\t\t\t\t\t\t<\/span>\n\t\t\t\t\t\t\t\t\t\t<span class=\"elementor-icon-list-text\">Wenn etwas mit dem Boot nicht in Ordnung ist und keine Hilfe in der N\u00e4he ist, rufen Sie die verantwortliche Person an, die ein spezielles Rettungsboot hat, oder wenn Sie kein Signal haben, rufen Sie 112 an und teilen Sie den Standort mit, damit sofort Hilfe kommt.<\/span>\n\t\t\t\t\t\t\t\t\t<\/li>\n\t\t\t\t\t\t\t\t<li class=\"elementor-icon-list-item\">\n\t\t\t\t\t\t\t\t\t\t\t<span class=\"elementor-icon-list-icon\">\n\t\t\t\t\t\t\t<i aria-hidden=\"true\" class=\"far fa-life-ring\"><\/i>\t\t\t\t\t\t<\/span>\n\t\t\t\t\t\t\t\t\t\t<span class=\"elementor-icon-list-text\">Schnellstopp-Armband: Es handelt sich um eine sehr grundlegende Sicherheitsma\u00dfnahme, die den Betrieb der Maschine stoppt, wenn der Bediener aus irgendeinem Grund ins Wasser f\u00e4llt.<\/span>\n\t\t\t\t\t\t\t\t\t<\/li>\n\t\t\t\t\t\t\t\t<li class=\"elementor-icon-list-item\">\n\t\t\t\t\t\t\t\t\t\t\t<span class=\"elementor-icon-list-icon\">\n\t\t\t\t\t\t\t<i aria-hidden=\"true\" class=\"far fa-life-ring\"><\/i>\t\t\t\t\t\t<\/span>\n\t\t\t\t\t\t\t\t\t\t<span class=\"elementor-icon-list-text\">Sie sollten das Protokoll der Sitze beachten.<\/span>\n\t\t\t\t\t\t\t\t\t<\/li>\n\t\t\t\t\t\t\t\t<li class=\"elementor-icon-list-item\">\n\t\t\t\t\t\t\t\t\t\t\t<span class=\"elementor-icon-list-icon\">\n\t\t\t\t\t\t\t<i aria-hidden=\"true\" class=\"far fa-life-ring\"><\/i>\t\t\t\t\t\t<\/span>\n\t\t\t\t\t\t\t\t\t\t<span class=\"elementor-icon-list-text\">Vermeiden Sie gef\u00e4hrliche Man\u00f6ver und fahren Sie nicht mit hoher Geschwindigkeit zwischen den Badeg\u00e4sten, da Sie sonst von der Hafenbeh\u00f6rde mit einem Bu\u00dfgeld belegt werden.<\/span>\n\t\t\t\t\t\t\t\t\t<\/li>\n\t\t\t\t\t\t\t\t<li class=\"elementor-icon-list-item\">\n\t\t\t\t\t\t\t\t\t\t\t<span class=\"elementor-icon-list-icon\">\n\t\t\t\t\t\t\t<i aria-hidden=\"true\" class=\"far fa-life-ring\"><\/i>\t\t\t\t\t\t<\/span>\n\t\t\t\t\t\t\t\t\t\t<span class=\"elementor-icon-list-text\">Schwimmwesten: Wir haben Schwimmwesten f\u00fcr Erwachsene und Kinder zu Ihrer Sicherheit.<\/span>\n\t\t\t\t\t\t\t\t\t<\/li>\n\t\t\t\t\t\t\t\t<li class=\"elementor-icon-list-item\">\n\t\t\t\t\t\t\t\t\t\t\t<span class=\"elementor-icon-list-icon\">\n\t\t\t\t\t\t\t<i aria-hidden=\"true\" class=\"far fa-life-ring\"><\/i>\t\t\t\t\t\t<\/span>\n\t\t\t\t\t\t\t\t\t\t<span class=\"elementor-icon-list-text\">Wir sollten darauf achten, dass der Propeller nicht gegen Felsen oder das Ufer st\u00f6\u00dft, damit wir nicht zu nahe an den Strand kommen (es k\u00f6nnte unsichtbare Felsen geben).<\/span>\n\t\t\t\t\t\t\t\t\t<\/li>\n\t\t\t\t\t\t\t\t<li class=\"elementor-icon-list-item\">\n\t\t\t\t\t\t\t\t\t\t\t<span class=\"elementor-icon-list-icon\">\n\t\t\t\t\t\t\t<i aria-hidden=\"true\" class=\"far fa-life-ring\"><\/i>\t\t\t\t\t\t<\/span>\n\t\t\t\t\t\t\t\t\t\t<span class=\"elementor-icon-list-text\">Wir respektieren sowohl die Badeg\u00e4ste als auch die anderen Boote.<\/span>\n\t\t\t\t\t\t\t\t\t<\/li>\n\t\t\t\t\t\t<\/ul>\n\t\t\t\t\t\t<\/div>\n\t\t\t\t<\/div>\n\t\t\t\t\t<\/div>\n\t\t<\/div>\n\t\t\t\t\t<\/div>\n\t\t<\/section>\n\t\t\t\t<\/div>","protected":false},"excerpt":{"rendered":"<p>Rental Terms and Conditions In case of delay, there will be an extra charge Weather: find out about the weather 2 days before the day of your reservation, you can also ask us. In case of damage, there will be an extra charge In case of last minute cancellation, no refund In case of cancellation [&hellip;]<\/p>\n","protected":false},"author":1,"featured_media":0,"parent":0,"menu_order":0,"comment_status":"closed","ping_status":"closed","template":"","meta":{"footnotes":""},"class_list":["post-661","page","type-page","status-publish","hentry"],"_links":{"self":[{"href":"https:\/\/sea-holics.gr\/de\/wp-json\/wp\/v2\/pages\/661","targetHints":{"allow":["GET"]}}],"collection":[{"href":"https:\/\/sea-holics.gr\/de\/wp-json\/wp\/v2\/pages"}],"about":[{"href":"https:\/\/sea-holics.gr\/de\/wp-json\/wp\/v2\/types\/page"}],"author":[{"embeddable":true,"href":"https:\/\/sea-holics.gr\/de\/wp-json\/wp\/v2\/users\/1"}],"replies":[{"embeddable":true,"href":"https:\/\/sea-holics.gr\/de\/wp-json\/wp\/v2\/comments?post=661"}],"version-history":[{"count":0,"href":"https:\/\/sea-holics.gr\/de\/wp-json\/wp\/v2\/pages\/661\/revisions"}],"wp:attachment":[{"href":"https:\/\/sea-holics.gr\/de\/wp-json\/wp\/v2\/media?parent=661"}],"curies":[{"name":"wp","href":"https:\/\/api.w.org\/{rel}","templated":true}]}}