{"id":3449,"date":"2023-03-08T13:43:50","date_gmt":"2023-03-08T11:43:50","guid":{"rendered":"https:\/\/sea-holics.gr\/faq\/"},"modified":"2026-02-13T22:39:04","modified_gmt":"2026-02-13T20:39:04","slug":"faq","status":"publish","type":"page","link":"https:\/\/sea-holics.gr\/de\/faq\/","title":{"rendered":"FAQ"},"content":{"rendered":"<div data-elementor-type=\"wp-page\" data-elementor-id=\"3449\" class=\"elementor elementor-3449\" data-elementor-post-type=\"page\">\n\t\t\t\t\t\t<section class=\"elementor-section elementor-top-section elementor-element elementor-element-44ecefe8 elementor-section-content-middle elementor-section-boxed elementor-section-height-default elementor-section-height-default\" data-id=\"44ecefe8\" data-element_type=\"section\" data-e-type=\"section\" data-settings=\"{&quot;background_background&quot;:&quot;classic&quot;}\">\n\t\t\t\t\t\t\t<div class=\"elementor-background-overlay\"><\/div>\n\t\t\t\t\t\t\t<div class=\"elementor-container elementor-column-gap-default\">\n\t\t\t\t\t<div class=\"elementor-column elementor-col-50 elementor-top-column elementor-element elementor-element-3178953c\" data-id=\"3178953c\" data-element_type=\"column\" data-e-type=\"column\">\n\t\t\t<div class=\"elementor-widget-wrap elementor-element-populated\">\n\t\t\t\t\t\t<div class=\"elementor-element elementor-element-16343b54 elementor-widget elementor-widget-heading\" data-id=\"16343b54\" data-element_type=\"widget\" data-e-type=\"widget\" data-widget_type=\"heading.default\">\n\t\t\t\t<div class=\"elementor-widget-container\">\n\t\t\t\t\t<h2 class=\"elementor-heading-title elementor-size-default\">H\u00e4ufig gestellte Fragen<\/h2>\t\t\t\t<\/div>\n\t\t\t\t<\/div>\n\t\t\t\t\t<\/div>\n\t\t<\/div>\n\t\t\t\t<div class=\"elementor-column elementor-col-50 elementor-top-column elementor-element elementor-element-b1c9017\" data-id=\"b1c9017\" data-element_type=\"column\" data-e-type=\"column\">\n\t\t\t<div class=\"elementor-widget-wrap\">\n\t\t\t\t\t\t\t<\/div>\n\t\t<\/div>\n\t\t\t\t\t<\/div>\n\t\t<\/section>\n\t\t\t\t<section class=\"elementor-section elementor-top-section elementor-element elementor-element-460a6505 elementor-section-boxed elementor-section-height-default elementor-section-height-default\" data-id=\"460a6505\" data-element_type=\"section\" data-e-type=\"section\" data-settings=\"{&quot;background_background&quot;:&quot;classic&quot;}\">\n\t\t\t\t\t\t\t<div class=\"elementor-background-overlay\"><\/div>\n\t\t\t\t\t\t\t<div class=\"elementor-container elementor-column-gap-default\">\n\t\t\t\t\t<div class=\"elementor-column elementor-col-100 elementor-top-column elementor-element elementor-element-13f35b19\" data-id=\"13f35b19\" data-element_type=\"column\" data-e-type=\"column\">\n\t\t\t<div class=\"elementor-widget-wrap elementor-element-populated\">\n\t\t\t\t\t\t<div class=\"elementor-element elementor-element-59b9aaaf elementor-widget elementor-widget-heading\" data-id=\"59b9aaaf\" data-element_type=\"widget\" data-e-type=\"widget\" data-widget_type=\"heading.default\">\n\t\t\t\t<div class=\"elementor-widget-container\">\n\t\t\t\t\t<h2 class=\"elementor-heading-title elementor-size-default\">Questions &amp; Answers<\/h2>\t\t\t\t<\/div>\n\t\t\t\t<\/div>\n\t\t\t\t<div class=\"elementor-element elementor-element-2476035c elementor-widget elementor-widget-heading\" data-id=\"2476035c\" data-element_type=\"widget\" data-e-type=\"widget\" data-widget_type=\"heading.default\">\n\t\t\t\t<div class=\"elementor-widget-container\">\n\t\t\t\t\t<h2 class=\"elementor-heading-title elementor-size-default\">Fragen der Kunden<\/h2>\t\t\t\t<\/div>\n\t\t\t\t<\/div>\n\t\t\t\t<section class=\"elementor-section elementor-inner-section elementor-element elementor-element-522677aa elementor-section-boxed elementor-section-height-default elementor-section-height-default\" data-id=\"522677aa\" data-element_type=\"section\" data-e-type=\"section\">\n\t\t\t\t\t\t<div class=\"elementor-container elementor-column-gap-no\">\n\t\t\t\t\t<div class=\"elementor-column elementor-col-100 elementor-inner-column elementor-element elementor-element-4a40c872\" data-id=\"4a40c872\" data-element_type=\"column\" data-e-type=\"column\">\n\t\t\t<div class=\"elementor-widget-wrap elementor-element-populated\">\n\t\t\t\t\t\t<div class=\"elementor-element elementor-element-54dd2ccb elementor-widget elementor-widget-jkit_accordion\" data-id=\"54dd2ccb\" data-element_type=\"widget\" data-e-type=\"widget\" data-widget_type=\"jkit_accordion.default\">\n\t\t\t\t<div class=\"elementor-widget-container\">\n\t\t\t\t\t<div  class=\"jeg-elementor-kit jkit-accordion style-default jeg_module___6a033396a1593\" ><div class=\"card-wrapper expand\">\n                <div class=\"card-header\">\n                    <a href=\"#expand-aae80d4\" class=\"card-header-button\" aria-expanded=\"false\" data-target=\"#expand-aae80d4\" aria-controls=\"expand-aae80d4\">\n                        <div class=\"left-icon-group\">\n                <div class=\"normal-icon\"><i aria-hidden=\"true\" class=\"fas fa-chevron-right\"><\/i><\/div>\n                <div class=\"active-icon\"><i aria-hidden=\"true\" class=\"fas fa-chevron-down\"><\/i><\/div>\n            <\/div><span class=\"title\">Kann ich ein Boot ohne Skipper mieten?<\/span>\n                    <\/a>\n                <\/div>\n                <div class=\"card-expand\" id=\"expand-aae80d4\" style=\"display:block\"><div class=\"card-body\"><p class=\"translation-block\">Ja, das ist m\u00f6glich! Bitte beachten Sie jedoch, dass bei Bareboat-Charter eine \u00dcberpr\u00fcfung Ihrer grundlegenden Segelkenntnisse bei Ankunft durchgef\u00fchrt wird. Um Ihre Sicherheit zu gew\u00e4hrleisten, empfehlen wir Ihnen dringend (und gegebenenfalls verlangen wir), dass die Charterfahrt mit einem unserer professionellen Kapit\u00e4ne fortgesetzt wird, falls die Sicherheitsanforderungen nicht erf\u00fcllt werden. Ihre Sicherheit hat f\u00fcr uns oberste Priorit\u00e4t, und wir m\u00f6chten, dass Sie die kretischen Gew\u00e4sser unbesorgt genie\u00dfen k\u00f6nnen.<\/p><\/div><\/div>\n            <\/div><div class=\"card-wrapper\">\n                <div class=\"card-header\">\n                    <a href=\"#expand-5873bf0\" class=\"card-header-button\" aria-expanded=\"false\" data-target=\"#expand-5873bf0\" aria-controls=\"expand-5873bf0\">\n                        <div class=\"left-icon-group\">\n                <div class=\"normal-icon\"><i aria-hidden=\"true\" class=\"fas fa-chevron-right\"><\/i><\/div>\n                <div class=\"active-icon\"><i aria-hidden=\"true\" class=\"fas fa-chevron-down\"><\/i><\/div>\n            <\/div><span class=\"title\">Ist es einfach, ein Boot zu fahren?<\/span>\n                    <\/a>\n                <\/div>\n                <div class=\"card-expand\" id=\"expand-5873bf0\" style=\"display:none\"><div class=\"card-body\"><p>Absolut! Mit der richtigen Anleitung ist es oft einfacher als Autofahren. Dennoch sind grundlegende Fahrkenntnisse und ein hohes Verantwortungsbewusstsein erforderlich, um die Sicherheit aller an Bord zu gew\u00e4hrleisten.<\/p><\/div><\/div>\n            <\/div><div class=\"card-wrapper\">\n                <div class=\"card-header\">\n                    <a href=\"#expand-0aab2df\" class=\"card-header-button\" aria-expanded=\"false\" data-target=\"#expand-0aab2df\" aria-controls=\"expand-0aab2df\">\n                        <div class=\"left-icon-group\">\n                <div class=\"normal-icon\"><i aria-hidden=\"true\" class=\"fas fa-chevron-right\"><\/i><\/div>\n                <div class=\"active-icon\"><i aria-hidden=\"true\" class=\"fas fa-chevron-down\"><\/i><\/div>\n            <\/div><span class=\"title\">F\u00fcr wie lange kann ich ein Boot mieten?<\/span>\n                    <\/a>\n                <\/div>\n                <div class=\"card-expand\" id=\"expand-0aab2df\" style=\"display:none\"><div class=\"card-body\"><p class=\"translation-block\"><strong>Selbstfahrer (ohne Skipper)<\/strong>: Die Anmietung ist f\u00fcr einen <strong>ganzen Tag<\/strong> von 09:00 bis 19:00 Uhr m\u00f6glich (saisonale \u00c4nderungen vorbehalten).<\/p><p class=\"translation-block\"><strong>Private Touren (mit Skipper)<\/strong>: Die Dauer betr\u00e4gt <strong>3 bis 7 Stunden<\/strong>.<\/p><\/div><\/div>\n            <\/div><div class=\"card-wrapper\">\n                <div class=\"card-header\">\n                    <a href=\"#expand-82fbab9\" class=\"card-header-button\" aria-expanded=\"false\" data-target=\"#expand-82fbab9\" aria-controls=\"expand-82fbab9\">\n                        <div class=\"left-icon-group\">\n                <div class=\"normal-icon\"><i aria-hidden=\"true\" class=\"fas fa-chevron-right\"><\/i><\/div>\n                <div class=\"active-icon\"><i aria-hidden=\"true\" class=\"fas fa-chevron-down\"><\/i><\/div>\n            <\/div><span class=\"title\">Haben die Boote eine Beschattung?<\/span>\n                    <\/a>\n                <\/div>\n                <div class=\"card-expand\" id=\"expand-82fbab9\" style=\"display:none\"><div class=\"card-body\"><p>Alle Boote haben ein Sonnensegel.<\/p><\/div><\/div>\n            <\/div><div class=\"card-wrapper\">\n                <div class=\"card-header\">\n                    <a href=\"#expand-f4fc474\" class=\"card-header-button\" aria-expanded=\"false\" data-target=\"#expand-f4fc474\" aria-controls=\"expand-f4fc474\">\n                        <div class=\"left-icon-group\">\n                <div class=\"normal-icon\"><i aria-hidden=\"true\" class=\"fas fa-chevron-right\"><\/i><\/div>\n                <div class=\"active-icon\"><i aria-hidden=\"true\" class=\"fas fa-chevron-down\"><\/i><\/div>\n            <\/div><span class=\"title\">Wie kann ich ein Boot nach Balos oder Gramvousa mieten?<\/span>\n                    <\/a>\n                <\/div>\n                <div class=\"card-expand\" id=\"expand-f4fc474\" style=\"display:none\"><div class=\"card-body\"><p>\u00dcber unsere Website oder durch Kontaktaufnahme mit uns finden Sie diese Informationen auf der Kontaktseite.<\/p><\/div><\/div>\n            <\/div><div class=\"card-wrapper\">\n                <div class=\"card-header\">\n                    <a href=\"#expand-d308164\" class=\"card-header-button\" aria-expanded=\"false\" data-target=\"#expand-d308164\" aria-controls=\"expand-d308164\">\n                        <div class=\"left-icon-group\">\n                <div class=\"normal-icon\"><i aria-hidden=\"true\" class=\"fas fa-chevron-right\"><\/i><\/div>\n                <div class=\"active-icon\"><i aria-hidden=\"true\" class=\"fas fa-chevron-down\"><\/i><\/div>\n            <\/div><span class=\"title\">Wie lange dauert die Fahrt von Kissamos nach Balo oder Gramvousa?<\/span>\n                    <\/a>\n                <\/div>\n                <div class=\"card-expand\" id=\"expand-d308164\" style=\"display:none\"><div class=\"card-body\"><p>Von Kissamos aus sind es etwa 30-40 Minuten.<\/p><\/div><\/div>\n            <\/div><div class=\"card-wrapper\">\n                <div class=\"card-header\">\n                    <a href=\"#expand-d205810\" class=\"card-header-button\" aria-expanded=\"false\" data-target=\"#expand-d205810\" aria-controls=\"expand-d205810\">\n                        <div class=\"left-icon-group\">\n                <div class=\"normal-icon\"><i aria-hidden=\"true\" class=\"fas fa-chevron-right\"><\/i><\/div>\n                <div class=\"active-icon\"><i aria-hidden=\"true\" class=\"fas fa-chevron-down\"><\/i><\/div>\n            <\/div><span class=\"title\">Was werden wir in Balos\/Gramvousa sehen?<\/span>\n                    <\/a>\n                <\/div>\n                <div class=\"card-expand\" id=\"expand-d205810\" style=\"display:none\"><div class=\"card-body\"><p>Sie werden die Burg, das Schiffswrack, das klare blaue Wasser von Balos und Gramvousa sowie versteckte, private Str\u00e4nde und wilde Ziegen sehen, wenn Sie Gl\u00fcck haben.<\/p><\/div><\/div>\n            <\/div><div class=\"card-wrapper\">\n                <div class=\"card-header\">\n                    <a href=\"#expand-9360035\" class=\"card-header-button\" aria-expanded=\"false\" data-target=\"#expand-9360035\" aria-controls=\"expand-9360035\">\n                        <div class=\"left-icon-group\">\n                <div class=\"normal-icon\"><i aria-hidden=\"true\" class=\"fas fa-chevron-right\"><\/i><\/div>\n                <div class=\"active-icon\"><i aria-hidden=\"true\" class=\"fas fa-chevron-down\"><\/i><\/div>\n            <\/div><span class=\"title\">Kann ich 1 Boot von Chania nach Balo mieten?<\/span>\n                    <\/a>\n                <\/div>\n                <div class=\"card-expand\" id=\"expand-9360035\" style=\"display:none\"><div class=\"card-body\"><p>Wir empfehlen Ihnen, nach Kissamos zu fahren, das ist der n\u00e4chstgelegene Punkt zu Balos.<\/p><\/div><\/div>\n            <\/div><div class=\"card-wrapper\">\n                <div class=\"card-header\">\n                    <a href=\"#expand-c759d86\" class=\"card-header-button\" aria-expanded=\"false\" data-target=\"#expand-c759d86\" aria-controls=\"expand-c759d86\">\n                        <div class=\"left-icon-group\">\n                <div class=\"normal-icon\"><i aria-hidden=\"true\" class=\"fas fa-chevron-right\"><\/i><\/div>\n                <div class=\"active-icon\"><i aria-hidden=\"true\" class=\"fas fa-chevron-down\"><\/i><\/div>\n            <\/div><span class=\"title\">Wie wird eine Reservierung best\u00e4tigt?<\/span>\n                    <\/a>\n                <\/div>\n                <div class=\"card-expand\" id=\"expand-c759d86\" style=\"display:none\"><div class=\"card-body\"><p>Sie werden kontaktiert und Ihre Reservierung wird per WhatsApp oder Telefon best\u00e4tigt.<\/p><\/div><\/div>\n            <\/div><div class=\"card-wrapper\">\n                <div class=\"card-header\">\n                    <a href=\"#expand-fd5872c\" class=\"card-header-button\" aria-expanded=\"false\" data-target=\"#expand-fd5872c\" aria-controls=\"expand-fd5872c\">\n                        <div class=\"left-icon-group\">\n                <div class=\"normal-icon\"><i aria-hidden=\"true\" class=\"fas fa-chevron-right\"><\/i><\/div>\n                <div class=\"active-icon\"><i aria-hidden=\"true\" class=\"fas fa-chevron-down\"><\/i><\/div>\n            <\/div><span class=\"title\">In welchem Fall kann eine Reservierung storniert werden?<\/span>\n                    <\/a>\n                <\/div>\n                <div class=\"card-expand\" id=\"expand-fd5872c\" style=\"display:none\"><div class=\"card-body\"><p>Sie kann aufgrund von rauer See oder gesundheitlichen Problemen abgesagt werden.<\/p><\/div><\/div>\n            <\/div><div class=\"card-wrapper\">\n                <div class=\"card-header\">\n                    <a href=\"#expand-0e41172\" class=\"card-header-button\" aria-expanded=\"false\" data-target=\"#expand-0e41172\" aria-controls=\"expand-0e41172\">\n                        <div class=\"left-icon-group\">\n                <div class=\"normal-icon\"><i aria-hidden=\"true\" class=\"fas fa-chevron-right\"><\/i><\/div>\n                <div class=\"active-icon\"><i aria-hidden=\"true\" class=\"fas fa-chevron-down\"><\/i><\/div>\n            <\/div><span class=\"title\">Gibt es auf Booten Schwimmwesten f\u00fcr Kinder?<\/span>\n                    <\/a>\n                <\/div>\n                <div class=\"card-expand\" id=\"expand-0e41172\" style=\"display:none\"><div class=\"card-body\"><p>Ja, alle Boote verf\u00fcgen \u00fcber eine zertifizierte Art von Schwimmwesten f\u00fcr Kinder.<\/p><\/div><\/div>\n            <\/div><div class=\"card-wrapper\">\n                <div class=\"card-header\">\n                    <a href=\"#expand-928c46d\" class=\"card-header-button\" aria-expanded=\"false\" data-target=\"#expand-928c46d\" aria-controls=\"expand-928c46d\">\n                        <div class=\"left-icon-group\">\n                <div class=\"normal-icon\"><i aria-hidden=\"true\" class=\"fas fa-chevron-right\"><\/i><\/div>\n                <div class=\"active-icon\"><i aria-hidden=\"true\" class=\"fas fa-chevron-down\"><\/i><\/div>\n            <\/div><span class=\"title\">Kann ich ein Boot mit einem Kapit\u00e4n mieten?<\/span>\n                    <\/a>\n                <\/div>\n                <div class=\"card-expand\" id=\"expand-928c46d\" style=\"display:none\"><div class=\"card-body\"><p>Ja, Sie k\u00f6nnen ein Boot mit einem Kapit\u00e4n mieten, wie wir erfahren haben - einheimische Kapit\u00e4ne.<\/p><\/div><\/div>\n            <\/div><div class=\"card-wrapper\">\n                <div class=\"card-header\">\n                    <a href=\"#expand-f163cf9\" class=\"card-header-button\" aria-expanded=\"false\" data-target=\"#expand-f163cf9\" aria-controls=\"expand-f163cf9\">\n                        <div class=\"left-icon-group\">\n                <div class=\"normal-icon\"><i aria-hidden=\"true\" class=\"fas fa-chevron-right\"><\/i><\/div>\n                <div class=\"active-icon\"><i aria-hidden=\"true\" class=\"fas fa-chevron-down\"><\/i><\/div>\n            <\/div><span class=\"title\">Verf\u00fcgt das Boot \u00fcber einen K\u00fchlschrank f\u00fcr Eis?<\/span>\n                    <\/a>\n                <\/div>\n                <div class=\"card-expand\" id=\"expand-f163cf9\" style=\"display:none\"><div class=\"card-body\"><p>Alle Boote verf\u00fcgen \u00fcber eine tragbare Eisk\u00fchlung.<\/p><\/div><\/div>\n            <\/div><div class=\"card-wrapper\">\n                <div class=\"card-header\">\n                    <a href=\"#expand-02f67fd\" class=\"card-header-button\" aria-expanded=\"false\" data-target=\"#expand-02f67fd\" aria-controls=\"expand-02f67fd\">\n                        <div class=\"left-icon-group\">\n                <div class=\"normal-icon\"><i aria-hidden=\"true\" class=\"fas fa-chevron-right\"><\/i><\/div>\n                <div class=\"active-icon\"><i aria-hidden=\"true\" class=\"fas fa-chevron-down\"><\/i><\/div>\n            <\/div><span class=\"title\">Wie lange dauert die Fahrt von Kissamos nach Menies?<\/span>\n                    <\/a>\n                <\/div>\n                <div class=\"card-expand\" id=\"expand-02f67fd\" style=\"display:none\"><div class=\"card-body\"><p>Von Kissamos aus sind es etwa 45-50 Minuten.<\/p><\/div><\/div>\n            <\/div><div class=\"card-wrapper\">\n                <div class=\"card-header\">\n                    <a href=\"#expand-38a6957\" class=\"card-header-button\" aria-expanded=\"false\" data-target=\"#expand-38a6957\" aria-controls=\"expand-38a6957\">\n                        <div class=\"left-icon-group\">\n                <div class=\"normal-icon\"><i aria-hidden=\"true\" class=\"fas fa-chevron-right\"><\/i><\/div>\n                <div class=\"active-icon\"><i aria-hidden=\"true\" class=\"fas fa-chevron-down\"><\/i><\/div>\n            <\/div><span class=\"title\">K\u00f6nnen Boote ohne F\u00fchrerschein und ohne Kapit\u00e4n \u00fcberall hinfahren?<\/span>\n                    <\/a>\n                <\/div>\n                <div class=\"card-expand\" id=\"expand-38a6957\" style=\"display:none\"><div class=\"card-body\"><p>Boote ohne Kapit\u00e4n sind nur f\u00fcr Balo, Gramvousa, versteckte Str\u00e4nde in der n\u00e4heren Umgebung und zur Erkundung des gesamten Kaps gedacht. Die notwendigen Sicherheitsma\u00dfnahmen sind nur f\u00fcr dieses Ziel getroffen worden.<\/p><\/div><\/div>\n            <\/div><div class=\"card-wrapper\">\n                <div class=\"card-header\">\n                    <a href=\"#expand-8c506b0\" class=\"card-header-button\" aria-expanded=\"false\" data-target=\"#expand-8c506b0\" aria-controls=\"expand-8c506b0\">\n                        <div class=\"left-icon-group\">\n                <div class=\"normal-icon\"><i aria-hidden=\"true\" class=\"fas fa-chevron-right\"><\/i><\/div>\n                <div class=\"active-icon\"><i aria-hidden=\"true\" class=\"fas fa-chevron-down\"><\/i><\/div>\n            <\/div><span class=\"title\">Verf\u00fcgt das Boot \u00fcber eine Karte?<\/span>\n                    <\/a>\n                <\/div>\n                <div class=\"card-expand\" id=\"expand-8c506b0\" style=\"display:none\"><div class=\"card-body\"><p>Ja, das Boot hat eine Karte.<\/p><\/div><\/div>\n            <\/div><div class=\"card-wrapper\">\n                <div class=\"card-header\">\n                    <a href=\"#expand-015023b\" class=\"card-header-button\" aria-expanded=\"false\" data-target=\"#expand-015023b\" aria-controls=\"expand-015023b\">\n                        <div class=\"left-icon-group\">\n                <div class=\"normal-icon\"><i aria-hidden=\"true\" class=\"fas fa-chevron-right\"><\/i><\/div>\n                <div class=\"active-icon\"><i aria-hidden=\"true\" class=\"fas fa-chevron-down\"><\/i><\/div>\n            <\/div><span class=\"title\">Verf\u00fcgt das Boot \u00fcber eine Badeleiter?<\/span>\n                    <\/a>\n                <\/div>\n                <div class=\"card-expand\" id=\"expand-015023b\" style=\"display:none\"><div class=\"card-body\"><p>Alle Boote haben eine Leiter f\u00fcr den einfachen Zugang zum Meer.<\/p><\/div><\/div>\n            <\/div><div class=\"card-wrapper\">\n                <div class=\"card-header\">\n                    <a href=\"#expand-16dac53\" class=\"card-header-button\" aria-expanded=\"false\" data-target=\"#expand-16dac53\" aria-controls=\"expand-16dac53\">\n                        <div class=\"left-icon-group\">\n                <div class=\"normal-icon\"><i aria-hidden=\"true\" class=\"fas fa-chevron-right\"><\/i><\/div>\n                <div class=\"active-icon\"><i aria-hidden=\"true\" class=\"fas fa-chevron-down\"><\/i><\/div>\n            <\/div><span class=\"title\">Brauche ich eine Kreditkarte, um ein Boot ohne F\u00fchrerschein zu mieten?<\/span>\n                    <\/a>\n                <\/div>\n                <div class=\"card-expand\" id=\"expand-16dac53\" style=\"display:none\"><div class=\"card-body\"><p>Nein, das m\u00fcssen Sie nicht. Unterschreiben Sie einfach die Freistellungserkl\u00e4rung.<\/p><\/div><\/div>\n            <\/div><div class=\"card-wrapper\">\n                <div class=\"card-header\">\n                    <a href=\"#expand-761862a\" class=\"card-header-button\" aria-expanded=\"false\" data-target=\"#expand-761862a\" aria-controls=\"expand-761862a\">\n                        <div class=\"left-icon-group\">\n                <div class=\"normal-icon\"><i aria-hidden=\"true\" class=\"fas fa-chevron-right\"><\/i><\/div>\n                <div class=\"active-icon\"><i aria-hidden=\"true\" class=\"fas fa-chevron-down\"><\/i><\/div>\n            <\/div><span class=\"title\">Sind Haustiere erlaubt?<\/span>\n                    <\/a>\n                <\/div>\n                <div class=\"card-expand\" id=\"expand-761862a\" style=\"display:none\"><div class=\"card-body\"><p>Sie k\u00f6nnen Ihre Haustiere w\u00e4hrend Ihres Ausflugs mitnehmen.<\/p><\/div><\/div>\n            <\/div><div class=\"card-wrapper\">\n                <div class=\"card-header\">\n                    <a href=\"#expand-cc1785e\" class=\"card-header-button\" aria-expanded=\"false\" data-target=\"#expand-cc1785e\" aria-controls=\"expand-cc1785e\">\n                        <div class=\"left-icon-group\">\n                <div class=\"normal-icon\"><i aria-hidden=\"true\" class=\"fas fa-chevron-right\"><\/i><\/div>\n                <div class=\"active-icon\"><i aria-hidden=\"true\" class=\"fas fa-chevron-down\"><\/i><\/div>\n            <\/div><span class=\"title\">Werden die Boote gereinigt?<\/span>\n                    <\/a>\n                <\/div>\n                <div class=\"card-expand\" id=\"expand-cc1785e\" style=\"display:none\"><div class=\"card-body\"><p>Alle unsere Boote werden nach der R\u00fcckkehr von einer Reise und vor der Abholung f\u00fcr die n\u00e4chste Reise gr\u00fcndlich gereinigt und desinfiziert. Die Sauberkeit des Bootes ist f\u00fcr uns aus hygienischen Gr\u00fcnden sehr wichtig.<\/p><\/div><\/div>\n            <\/div><\/div>\t\t\t\t<\/div>\n\t\t\t\t<\/div>\n\t\t\t\t\t<\/div>\n\t\t<\/div>\n\t\t\t\t\t<\/div>\n\t\t<\/section>\n\t\t\t\t\t<\/div>\n\t\t<\/div>\n\t\t\t\t\t<\/div>\n\t\t<\/section>\n\t\t\t\t<\/div>","protected":false},"excerpt":{"rendered":"<p>Frequently Asked Questions Questions &amp; Answers Customer Questions Can I rent a boat without a skipper? Yes, you can! However, please note that bareboat rentals are subject to a basic handling skills check upon arrival. To ensure your maximum safety, if the safety requirements are not met, we strongly recommend (and may require) that the [&hellip;]<\/p>\n","protected":false},"author":1,"featured_media":0,"parent":0,"menu_order":0,"comment_status":"closed","ping_status":"closed","template":"","meta":{"footnotes":""},"class_list":["post-3449","page","type-page","status-publish","hentry"],"_links":{"self":[{"href":"https:\/\/sea-holics.gr\/de\/wp-json\/wp\/v2\/pages\/3449","targetHints":{"allow":["GET"]}}],"collection":[{"href":"https:\/\/sea-holics.gr\/de\/wp-json\/wp\/v2\/pages"}],"about":[{"href":"https:\/\/sea-holics.gr\/de\/wp-json\/wp\/v2\/types\/page"}],"author":[{"embeddable":true,"href":"https:\/\/sea-holics.gr\/de\/wp-json\/wp\/v2\/users\/1"}],"replies":[{"embeddable":true,"href":"https:\/\/sea-holics.gr\/de\/wp-json\/wp\/v2\/comments?post=3449"}],"version-history":[{"count":0,"href":"https:\/\/sea-holics.gr\/de\/wp-json\/wp\/v2\/pages\/3449\/revisions"}],"wp:attachment":[{"href":"https:\/\/sea-holics.gr\/de\/wp-json\/wp\/v2\/media?parent=3449"}],"curies":[{"name":"wp","href":"https:\/\/api.w.org\/{rel}","templated":true}]}}